{"id":28192,"date":"2020-02-20T12:05:55","date_gmt":"2020-02-20T10:05:55","guid":{"rendered":"https:\/\/kodukolle.ee\/?post_type=product&#038;p=28192"},"modified":"2026-03-12T14:30:29","modified_gmt":"2026-03-12T12:30:29","slug":"puuliesi-alfa-plam-donna-70","status":"publish","type":"product","link":"https:\/\/kodukolle.ee\/fi\/tuote\/puuliesi-alfa-plam-donna-70\/","title":{"rendered":"Puuliesi Alfa Plam DONNA 70"},"content":{"rendered":"<p>Alfa Plam Donna 70, monitoiminen puuliesi, jossa on tehostettu palamisprosessi, antaa sinun nauttia perinteisell\u00e4 tavalla valmistettujen ruokien runsaista mauista. L\u00e4mm\u00f6nkest\u00e4v\u00e4ll\u00e4 kaksoislasilla varustettu palotilan ovi varmistaa liekin n\u00e4kyvyyden ja luo kodikkaan tunnelman. Lis\u00e4ksi keraaminen keittolevy on saatavana lis\u00e4varusteena, mik\u00e4 lis\u00e4\u00e4 entisest\u00e4\u00e4n sen monipuolisuutta ja toimivuutta.<\/p>\n<p><strong>EDUT:<\/strong><\/p>\n<ul>\n<li>Tasainen kypsennys koko lieden pinnalla<\/li>\n<li>Uunissa sis\u00e4\u00e4nrakennettu l\u00e4mp\u00f6mittari tarkkaan l\u00e4mp\u00f6tilan s\u00e4\u00e4telyyn<\/li>\n<li>L\u00e4mm\u00f6nkest\u00e4v\u00e4 kaksoislasiovi sek\u00e4 tulipes\u00e4ss\u00e4 ett\u00e4 uunissa<\/li>\n<li>Palokammio vuorattu samottilevyill\u00e4, mik\u00e4 parantaa l\u00e4mm\u00f6n kertymist\u00e4 ja palamisl\u00e4mp\u00f6tilaa<\/li>\n<li>Prim\u00e4\u00e4ri- ja toisioilman sy\u00f6t\u00f6n s\u00e4\u00e4t\u00f6 takaa tarkan ilman annostelun ja paremman palamistehokkuuden<\/li>\n<li>Keittotason ter\u00e4skansi tarjoaa sek\u00e4 suojaa ett\u00e4 esteettist\u00e4 ulkon\u00e4k\u00f6\u00e4<\/li>\n<li>Irrotettava tuhkalaatikko helppoon puhdistamiseen<\/li>\n<li>Alalaatikko polttopuiden tai keitti\u00f6tarvikkeiden k\u00e4tev\u00e4\u00e4n s\u00e4ilytykseen<\/li>\n<li>Hormiliit\u00e4nn\u00e4n sijainti: oikealla tai vasemmalla, ylh\u00e4\u00e4ll\u00e4 ja takana monipuolisia asennuskokoonpanoja varten<\/li>\n<\/ul>\n<p>&nbsp;<\/p>\n","protected":false},"excerpt":{"rendered":"<p>Alfa Plam Donna 70, monitoiminen puuliesi, jossa on tehostettu palamisprosessi, antaa sinun nauttia perinteisell\u00e4 tavalla valmistettujen ruokien runsaista mauista. L\u00e4mm\u00f6nkest\u00e4v\u00e4ll\u00e4 kaksoislasilla varustettu palotilan ovi varmistaa liekin n\u00e4kyvyyden ja luo kodikkaan tunnelman. Lis\u00e4ksi keraaminen keittolevy on saatavana lis\u00e4varusteena, mik\u00e4 lis\u00e4\u00e4 entisest\u00e4\u00e4n sen monipuolisuutta ja toimivuutta.<\/p>\n","protected":false},"featured_media":27001,"template":"","meta":{"_acf_changed":false},"product_brand":[],"product_cat":[9689],"product_tag":[],"class_list":{"0":"post-28192","1":"product","2":"type-product","3":"status-publish","4":"has-post-thumbnail","6":"brands-alfa-plam-fi","7":"product_cat-puuhellat-ja-liedet","9":"first","10":"instock","11":"shipping-taxable","12":"product-type-simple"},"acf":[],"yoast_head":"<!-- This site is optimized with the Yoast SEO plugin v27.2 - https:\/\/yoast.com\/product\/yoast-seo-wordpress\/ -->\n<title>Puuliesi Alfa Plam DONNA 70 - Kodukolle<\/title>\n<meta name=\"description\" content=\"Alfa Plam Donna 70, monitoiminen puuliesi, jossa on tehostettu palamisprosessi, antaa sinun nauttia perinteisell\u00e4 tavalla valmistettujen ruokien runsaista mauista.\" \/>\n<meta name=\"robots\" content=\"index, follow, max-snippet:-1, max-image-preview:large, max-video-preview:-1\" \/>\n<link rel=\"canonical\" href=\"https:\/\/kodukolle.ee\/fi\/tuote\/puuliesi-alfa-plam-donna-70\/\" \/>\n<meta property=\"og:locale\" content=\"fi_FI\" \/>\n<meta property=\"og:type\" content=\"article\" \/>\n<meta property=\"og:title\" content=\"Puuliesi Alfa Plam DONNA 70 - Kodukolle\" \/>\n<meta property=\"og:description\" content=\"Alfa Plam Donna 70, monitoiminen puuliesi, jossa on tehostettu palamisprosessi, antaa sinun nauttia perinteisell\u00e4 tavalla valmistettujen ruokien runsaista mauista.\" \/>\n<meta property=\"og:url\" content=\"https:\/\/kodukolle.ee\/fi\/tuote\/puuliesi-alfa-plam-donna-70\/\" \/>\n<meta property=\"og:site_name\" content=\"Kodukolle\" \/>\n<meta property=\"article:modified_time\" content=\"2026-03-12T12:30:29+00:00\" \/>\n<meta property=\"og:image\" content=\"https:\/\/kodukolle.ee\/wp-content\/uploads\/2020\/02\/Donna-70-ECO.jpg\" \/>\n\t<meta property=\"og:image:width\" content=\"832\" \/>\n\t<meta property=\"og:image:height\" content=\"832\" \/>\n\t<meta property=\"og:image:type\" content=\"image\/jpeg\" \/>\n<meta name=\"twitter:card\" content=\"summary_large_image\" \/>\n<meta name=\"twitter:label1\" content=\"Est. reading time\" \/>\n\t<meta name=\"twitter:data1\" content=\"1 minuutti\" \/>\n<script type=\"application\/ld+json\" class=\"yoast-schema-graph\">{\"@context\":\"https:\/\/schema.org\",\"@graph\":[{\"@type\":\"WebPage\",\"@id\":\"https:\/\/kodukolle.ee\/fi\/tuote\/puuliesi-alfa-plam-donna-70\/\",\"url\":\"https:\/\/kodukolle.ee\/fi\/tuote\/puuliesi-alfa-plam-donna-70\/\",\"name\":\"Puuliesi Alfa Plam DONNA 70 - Kodukolle\",\"isPartOf\":{\"@id\":\"https:\/\/kodukolle.ee\/en\/#website\"},\"primaryImageOfPage\":{\"@id\":\"https:\/\/kodukolle.ee\/fi\/tuote\/puuliesi-alfa-plam-donna-70\/#primaryimage\"},\"image\":{\"@id\":\"https:\/\/kodukolle.ee\/fi\/tuote\/puuliesi-alfa-plam-donna-70\/#primaryimage\"},\"thumbnailUrl\":\"https:\/\/kodukolle.ee\/wp-content\/uploads\/2020\/02\/Donna-70-ECO.jpg\",\"datePublished\":\"2020-02-20T10:05:55+00:00\",\"dateModified\":\"2026-03-12T12:30:29+00:00\",\"description\":\"Alfa Plam Donna 70, monitoiminen puuliesi, jossa on tehostettu palamisprosessi, antaa sinun nauttia perinteisell\u00e4 tavalla valmistettujen ruokien runsaista mauista.\",\"breadcrumb\":{\"@id\":\"https:\/\/kodukolle.ee\/fi\/tuote\/puuliesi-alfa-plam-donna-70\/#breadcrumb\"},\"inLanguage\":\"fi\",\"potentialAction\":[{\"@type\":\"ReadAction\",\"target\":[\"https:\/\/kodukolle.ee\/fi\/tuote\/puuliesi-alfa-plam-donna-70\/\"]}]},{\"@type\":\"ImageObject\",\"inLanguage\":\"fi\",\"@id\":\"https:\/\/kodukolle.ee\/fi\/tuote\/puuliesi-alfa-plam-donna-70\/#primaryimage\",\"url\":\"https:\/\/kodukolle.ee\/wp-content\/uploads\/2020\/02\/Donna-70-ECO.jpg\",\"contentUrl\":\"https:\/\/kodukolle.ee\/wp-content\/uploads\/2020\/02\/Donna-70-ECO.jpg\",\"width\":832,\"height\":832,\"caption\":\"Donna 70\"},{\"@type\":\"BreadcrumbList\",\"@id\":\"https:\/\/kodukolle.ee\/fi\/tuote\/puuliesi-alfa-plam-donna-70\/#breadcrumb\",\"itemListElement\":[{\"@type\":\"ListItem\",\"position\":1,\"name\":\"Home\",\"item\":\"https:\/\/kodukolle.ee\/fi\/\"},{\"@type\":\"ListItem\",\"position\":2,\"name\":\"Tuotteet\",\"item\":\"https:\/\/kodukolle.ee\/fi\/tuotteet\/\"},{\"@type\":\"ListItem\",\"position\":3,\"name\":\"Puuliesi Alfa Plam DONNA 70\"}]},{\"@type\":\"WebSite\",\"@id\":\"https:\/\/kodukolle.ee\/en\/#website\",\"url\":\"https:\/\/kodukolle.ee\/en\/\",\"name\":\"Kodukolle\",\"description\":\"\",\"publisher\":{\"@id\":\"https:\/\/kodukolle.ee\/en\/#organization\"},\"potentialAction\":[{\"@type\":\"SearchAction\",\"target\":{\"@type\":\"EntryPoint\",\"urlTemplate\":\"https:\/\/kodukolle.ee\/en\/?s={search_term_string}\"},\"query-input\":{\"@type\":\"PropertyValueSpecification\",\"valueRequired\":true,\"valueName\":\"search_term_string\"}}],\"inLanguage\":\"fi\"},{\"@type\":\"Organization\",\"@id\":\"https:\/\/kodukolle.ee\/en\/#organization\",\"name\":\"Kodukolle\",\"url\":\"https:\/\/kodukolle.ee\/en\/\",\"logo\":{\"@type\":\"ImageObject\",\"inLanguage\":\"fi\",\"@id\":\"https:\/\/kodukolle.ee\/en\/#\/schema\/logo\/image\/\",\"url\":\"https:\/\/kodukolle.ee\/wp-content\/uploads\/2025\/06\/logo_must_gradient.svg\",\"contentUrl\":\"https:\/\/kodukolle.ee\/wp-content\/uploads\/2025\/06\/logo_must_gradient.svg\",\"caption\":\"Kodukolle\"},\"image\":{\"@id\":\"https:\/\/kodukolle.ee\/en\/#\/schema\/logo\/image\/\"}}]}<\/script>\n<!-- \/ Yoast SEO plugin. -->","yoast_head_json":{"title":"Puuliesi Alfa Plam DONNA 70 - Kodukolle","description":"Alfa Plam Donna 70, monitoiminen puuliesi, jossa on tehostettu palamisprosessi, antaa sinun nauttia perinteisell\u00e4 tavalla valmistettujen ruokien runsaista mauista.","robots":{"index":"index","follow":"follow","max-snippet":"max-snippet:-1","max-image-preview":"max-image-preview:large","max-video-preview":"max-video-preview:-1"},"canonical":"https:\/\/kodukolle.ee\/fi\/tuote\/puuliesi-alfa-plam-donna-70\/","og_locale":"fi_FI","og_type":"article","og_title":"Puuliesi Alfa Plam DONNA 70 - Kodukolle","og_description":"Alfa Plam Donna 70, monitoiminen puuliesi, jossa on tehostettu palamisprosessi, antaa sinun nauttia perinteisell\u00e4 tavalla valmistettujen ruokien runsaista mauista.","og_url":"https:\/\/kodukolle.ee\/fi\/tuote\/puuliesi-alfa-plam-donna-70\/","og_site_name":"Kodukolle","article_modified_time":"2026-03-12T12:30:29+00:00","og_image":[{"width":832,"height":832,"url":"https:\/\/kodukolle.ee\/wp-content\/uploads\/2020\/02\/Donna-70-ECO.jpg","type":"image\/jpeg"}],"twitter_card":"summary_large_image","twitter_misc":{"Est. reading time":"1 minuutti"},"schema":{"@context":"https:\/\/schema.org","@graph":[{"@type":"WebPage","@id":"https:\/\/kodukolle.ee\/fi\/tuote\/puuliesi-alfa-plam-donna-70\/","url":"https:\/\/kodukolle.ee\/fi\/tuote\/puuliesi-alfa-plam-donna-70\/","name":"Puuliesi Alfa Plam DONNA 70 - Kodukolle","isPartOf":{"@id":"https:\/\/kodukolle.ee\/en\/#website"},"primaryImageOfPage":{"@id":"https:\/\/kodukolle.ee\/fi\/tuote\/puuliesi-alfa-plam-donna-70\/#primaryimage"},"image":{"@id":"https:\/\/kodukolle.ee\/fi\/tuote\/puuliesi-alfa-plam-donna-70\/#primaryimage"},"thumbnailUrl":"https:\/\/kodukolle.ee\/wp-content\/uploads\/2020\/02\/Donna-70-ECO.jpg","datePublished":"2020-02-20T10:05:55+00:00","dateModified":"2026-03-12T12:30:29+00:00","description":"Alfa Plam Donna 70, monitoiminen puuliesi, jossa on tehostettu palamisprosessi, antaa sinun nauttia perinteisell\u00e4 tavalla valmistettujen ruokien runsaista mauista.","breadcrumb":{"@id":"https:\/\/kodukolle.ee\/fi\/tuote\/puuliesi-alfa-plam-donna-70\/#breadcrumb"},"inLanguage":"fi","potentialAction":[{"@type":"ReadAction","target":["https:\/\/kodukolle.ee\/fi\/tuote\/puuliesi-alfa-plam-donna-70\/"]}]},{"@type":"ImageObject","inLanguage":"fi","@id":"https:\/\/kodukolle.ee\/fi\/tuote\/puuliesi-alfa-plam-donna-70\/#primaryimage","url":"https:\/\/kodukolle.ee\/wp-content\/uploads\/2020\/02\/Donna-70-ECO.jpg","contentUrl":"https:\/\/kodukolle.ee\/wp-content\/uploads\/2020\/02\/Donna-70-ECO.jpg","width":832,"height":832,"caption":"Donna 70"},{"@type":"BreadcrumbList","@id":"https:\/\/kodukolle.ee\/fi\/tuote\/puuliesi-alfa-plam-donna-70\/#breadcrumb","itemListElement":[{"@type":"ListItem","position":1,"name":"Home","item":"https:\/\/kodukolle.ee\/fi\/"},{"@type":"ListItem","position":2,"name":"Tuotteet","item":"https:\/\/kodukolle.ee\/fi\/tuotteet\/"},{"@type":"ListItem","position":3,"name":"Puuliesi Alfa Plam DONNA 70"}]},{"@type":"WebSite","@id":"https:\/\/kodukolle.ee\/en\/#website","url":"https:\/\/kodukolle.ee\/en\/","name":"Kodukolle","description":"","publisher":{"@id":"https:\/\/kodukolle.ee\/en\/#organization"},"potentialAction":[{"@type":"SearchAction","target":{"@type":"EntryPoint","urlTemplate":"https:\/\/kodukolle.ee\/en\/?s={search_term_string}"},"query-input":{"@type":"PropertyValueSpecification","valueRequired":true,"valueName":"search_term_string"}}],"inLanguage":"fi"},{"@type":"Organization","@id":"https:\/\/kodukolle.ee\/en\/#organization","name":"Kodukolle","url":"https:\/\/kodukolle.ee\/en\/","logo":{"@type":"ImageObject","inLanguage":"fi","@id":"https:\/\/kodukolle.ee\/en\/#\/schema\/logo\/image\/","url":"https:\/\/kodukolle.ee\/wp-content\/uploads\/2025\/06\/logo_must_gradient.svg","contentUrl":"https:\/\/kodukolle.ee\/wp-content\/uploads\/2025\/06\/logo_must_gradient.svg","caption":"Kodukolle"},"image":{"@id":"https:\/\/kodukolle.ee\/en\/#\/schema\/logo\/image\/"}}]}},"_links":{"self":[{"href":"https:\/\/kodukolle.ee\/fi\/wp-json\/wp\/v2\/product\/28192","targetHints":{"allow":["GET"]}}],"collection":[{"href":"https:\/\/kodukolle.ee\/fi\/wp-json\/wp\/v2\/product"}],"about":[{"href":"https:\/\/kodukolle.ee\/fi\/wp-json\/wp\/v2\/types\/product"}],"wp:featuredmedia":[{"embeddable":true,"href":"https:\/\/kodukolle.ee\/fi\/wp-json\/wp\/v2\/media\/27001"}],"wp:attachment":[{"href":"https:\/\/kodukolle.ee\/fi\/wp-json\/wp\/v2\/media?parent=28192"}],"wp:term":[{"taxonomy":"product_brand","embeddable":true,"href":"https:\/\/kodukolle.ee\/fi\/wp-json\/wp\/v2\/product_brand?post=28192"},{"taxonomy":"product_cat","embeddable":true,"href":"https:\/\/kodukolle.ee\/fi\/wp-json\/wp\/v2\/product_cat?post=28192"},{"taxonomy":"product_tag","embeddable":true,"href":"https:\/\/kodukolle.ee\/fi\/wp-json\/wp\/v2\/product_tag?post=28192"}],"curies":[{"name":"wp","href":"https:\/\/api.w.org\/{rel}","templated":true}]}}