{"id":28208,"date":"2019-07-29T11:47:31","date_gmt":"2019-07-29T08:47:31","guid":{"rendered":"https:\/\/kodukolle.ee\/?post_type=product&#038;p=28208"},"modified":"2024-03-12T11:27:20","modified_gmt":"2024-03-12T09:27:20","slug":"kamiina-lanordica-candy-anthracite-black","status":"publish","type":"product","link":"https:\/\/kodukolle.ee\/fi\/tuote\/kamiina-lanordica-candy-anthracite-black\/","title":{"rendered":"Kamiina LaNordica CANDY Anthracite Black"},"content":{"rendered":"<p>LaNordica-takka Candy tunnetaan vaikuttavasta lujuudestaan ja poikkeuksellisesta laadustaan, joten se sopii korkeimpiinkin vaatimuksiin. Pienet mitat tekev\u00e4t siit\u00e4 ihanteellisen my\u00f6s pienempiin huoneisiin, ja se toimii kiistatta katseenvangitsijana miss\u00e4 tahansa olohuoneessa. Pienest\u00e4 koostaan huolimatta Candy-takassa on suuri lasiovi, jonka avulla voit nauttia lumoavista liekeist\u00e4. Kaikki t\u00e4m\u00e4n tulisijan avainkomponentit on valmistettu korkealaatuisesta valuraudasta, mik\u00e4 paitsi lis\u00e4\u00e4 sen ulkon\u00e4k\u00f6\u00e4, my\u00f6s varmistaa erinomaisen l\u00e4mm\u00f6nkest\u00e4vyyden. T\u00e4m\u00e4 tarkoittaa, ett\u00e4 l\u00e4mp\u00f6tilan muutokset l\u00e4mmityksen ja j\u00e4\u00e4hdytyksen aikana eiv\u00e4t aiheuta muodonmuutoksia tai h\u00e4iri\u00f6it\u00e4. Lis\u00e4ksi valuraudan edut ovat korkea hy\u00f6tysuhde, l\u00e4hes rajoittamaton k\u00e4ytt\u00f6ik\u00e4 oikein k\u00e4ytettyn\u00e4 ja vaatii vain v\u00e4h\u00e4n huoltoa.\n<\/ul>\n<p>&nbsp;<\/p>\n","protected":false},"excerpt":{"rendered":"<p>LaNordica-takka Candy tunnetaan vaikuttavasta lujuudestaan ja poikkeuksellisesta laadustaan, joten se sopii korkeimpiinkin vaatimuksiin. Pienet mitat tekev\u00e4t siit\u00e4 ihanteellisen my\u00f6s pienempiin huoneisiin, ja se toimii kiistatta katseenvangitsijana miss\u00e4 tahansa olohuoneessa. Pienest\u00e4 koostaan huolimatta Candy-takassa on suuri lasiovi, jonka avulla voit nauttia lumoavista liekeist\u00e4.<\/p>\n","protected":false},"featured_media":28209,"template":"","meta":{"_acf_changed":false},"product_brand":[],"product_cat":[9620],"product_tag":[],"class_list":{"0":"post-28208","1":"product","2":"type-product","3":"status-publish","4":"has-post-thumbnail","6":"brands-nordica-fi","7":"product_cat-takat","9":"first","10":"instock","11":"shipping-taxable","12":"purchasable","13":"product-type-simple"},"acf":[],"yoast_head":"<!-- This site is optimized with the Yoast SEO plugin v27.2 - https:\/\/yoast.com\/product\/yoast-seo-wordpress\/ -->\n<title>Kamiina LaNordica CANDY Anthracite Black - Kodukolle<\/title>\n<meta name=\"description\" content=\"LaNordica-takka Candy tunnetaan vaikuttavasta lujuudestaan ja poikkeuksellisesta laadustaan, joten se sopii korkeimpiinkin vaatimuksiin.\" \/>\n<meta name=\"robots\" content=\"index, follow, max-snippet:-1, max-image-preview:large, max-video-preview:-1\" \/>\n<link rel=\"canonical\" href=\"https:\/\/kodukolle.ee\/tuote\/kamin-lanordica-candy\/\" \/>\n<meta property=\"og:locale\" content=\"fi_FI\" \/>\n<meta property=\"og:type\" content=\"article\" \/>\n<meta property=\"og:title\" content=\"Kamiina LaNordica CANDY Anthracite Black - Kodukolle\" \/>\n<meta property=\"og:description\" content=\"LaNordica-takka Candy tunnetaan vaikuttavasta lujuudestaan ja poikkeuksellisesta laadustaan, joten se sopii korkeimpiinkin vaatimuksiin.\" \/>\n<meta property=\"og:url\" content=\"https:\/\/kodukolle.ee\/tuote\/kamin-lanordica-candy\/\" \/>\n<meta property=\"og:site_name\" content=\"Kodukolle\" \/>\n<meta property=\"article:modified_time\" content=\"2024-03-12T09:27:20+00:00\" \/>\n<meta property=\"og:image\" content=\"https:\/\/kodukolle.ee\/wp-content\/uploads\/2019\/07\/Candy_ambientata_OK_hr-1024x767.jpg\" \/>\n\t<meta property=\"og:image:width\" content=\"1024\" \/>\n\t<meta property=\"og:image:height\" content=\"767\" \/>\n\t<meta property=\"og:image:type\" content=\"image\/jpeg\" \/>\n<meta name=\"twitter:card\" content=\"summary_large_image\" \/>\n<script type=\"application\/ld+json\" class=\"yoast-schema-graph\">{\"@context\":\"https:\/\/schema.org\",\"@graph\":[{\"@type\":\"WebPage\",\"@id\":\"https:\/\/kodukolle.ee\/tuote\/kamin-lanordica-candy\/\",\"url\":\"https:\/\/kodukolle.ee\/tuote\/kamin-lanordica-candy\/\",\"name\":\"Kamiina LaNordica CANDY Anthracite Black - Kodukolle\",\"isPartOf\":{\"@id\":\"https:\/\/kodukolle.ee\/en\/#website\"},\"primaryImageOfPage\":{\"@id\":\"https:\/\/kodukolle.ee\/tuote\/kamin-lanordica-candy\/#primaryimage\"},\"image\":{\"@id\":\"https:\/\/kodukolle.ee\/tuote\/kamin-lanordica-candy\/#primaryimage\"},\"thumbnailUrl\":\"https:\/\/kodukolle.ee\/wp-content\/uploads\/2019\/07\/Candy_ambientata_OK_hr.jpg\",\"datePublished\":\"2019-07-29T08:47:31+00:00\",\"dateModified\":\"2024-03-12T09:27:20+00:00\",\"description\":\"LaNordica-takka Candy tunnetaan vaikuttavasta lujuudestaan ja poikkeuksellisesta laadustaan, joten se sopii korkeimpiinkin vaatimuksiin.\",\"breadcrumb\":{\"@id\":\"https:\/\/kodukolle.ee\/tuote\/kamin-lanordica-candy\/#breadcrumb\"},\"inLanguage\":\"fi\",\"potentialAction\":[{\"@type\":\"ReadAction\",\"target\":[\"https:\/\/kodukolle.ee\/tuote\/kamin-lanordica-candy\/\"]}]},{\"@type\":\"ImageObject\",\"inLanguage\":\"fi\",\"@id\":\"https:\/\/kodukolle.ee\/tuote\/kamin-lanordica-candy\/#primaryimage\",\"url\":\"https:\/\/kodukolle.ee\/wp-content\/uploads\/2019\/07\/Candy_ambientata_OK_hr.jpg\",\"contentUrl\":\"https:\/\/kodukolle.ee\/wp-content\/uploads\/2019\/07\/Candy_ambientata_OK_hr.jpg\",\"width\":6668,\"height\":4992},{\"@type\":\"BreadcrumbList\",\"@id\":\"https:\/\/kodukolle.ee\/tuote\/kamin-lanordica-candy\/#breadcrumb\",\"itemListElement\":[{\"@type\":\"ListItem\",\"position\":1,\"name\":\"Home\",\"item\":\"https:\/\/kodukolle.ee\/fi\/\"},{\"@type\":\"ListItem\",\"position\":2,\"name\":\"Tuotteet\",\"item\":\"https:\/\/kodukolle.ee\/fi\/tuotteet\/\"},{\"@type\":\"ListItem\",\"position\":3,\"name\":\"Kamiina LaNordica CANDY Anthracite Black\"}]},{\"@type\":\"WebSite\",\"@id\":\"https:\/\/kodukolle.ee\/en\/#website\",\"url\":\"https:\/\/kodukolle.ee\/en\/\",\"name\":\"Kodukolle\",\"description\":\"\",\"publisher\":{\"@id\":\"https:\/\/kodukolle.ee\/en\/#organization\"},\"potentialAction\":[{\"@type\":\"SearchAction\",\"target\":{\"@type\":\"EntryPoint\",\"urlTemplate\":\"https:\/\/kodukolle.ee\/en\/?s={search_term_string}\"},\"query-input\":{\"@type\":\"PropertyValueSpecification\",\"valueRequired\":true,\"valueName\":\"search_term_string\"}}],\"inLanguage\":\"fi\"},{\"@type\":\"Organization\",\"@id\":\"https:\/\/kodukolle.ee\/en\/#organization\",\"name\":\"Kodukolle\",\"url\":\"https:\/\/kodukolle.ee\/en\/\",\"logo\":{\"@type\":\"ImageObject\",\"inLanguage\":\"fi\",\"@id\":\"https:\/\/kodukolle.ee\/en\/#\/schema\/logo\/image\/\",\"url\":\"https:\/\/kodukolle.ee\/wp-content\/uploads\/2025\/06\/logo_must_gradient.svg\",\"contentUrl\":\"https:\/\/kodukolle.ee\/wp-content\/uploads\/2025\/06\/logo_must_gradient.svg\",\"caption\":\"Kodukolle\"},\"image\":{\"@id\":\"https:\/\/kodukolle.ee\/en\/#\/schema\/logo\/image\/\"}}]}<\/script>\n<!-- \/ Yoast SEO plugin. -->","yoast_head_json":{"title":"Kamiina LaNordica CANDY Anthracite Black - Kodukolle","description":"LaNordica-takka Candy tunnetaan vaikuttavasta lujuudestaan ja poikkeuksellisesta laadustaan, joten se sopii korkeimpiinkin vaatimuksiin.","robots":{"index":"index","follow":"follow","max-snippet":"max-snippet:-1","max-image-preview":"max-image-preview:large","max-video-preview":"max-video-preview:-1"},"canonical":"https:\/\/kodukolle.ee\/tuote\/kamin-lanordica-candy\/","og_locale":"fi_FI","og_type":"article","og_title":"Kamiina LaNordica CANDY Anthracite Black - Kodukolle","og_description":"LaNordica-takka Candy tunnetaan vaikuttavasta lujuudestaan ja poikkeuksellisesta laadustaan, joten se sopii korkeimpiinkin vaatimuksiin.","og_url":"https:\/\/kodukolle.ee\/tuote\/kamin-lanordica-candy\/","og_site_name":"Kodukolle","article_modified_time":"2024-03-12T09:27:20+00:00","og_image":[{"width":1024,"height":767,"url":"https:\/\/kodukolle.ee\/wp-content\/uploads\/2019\/07\/Candy_ambientata_OK_hr-1024x767.jpg","type":"image\/jpeg"}],"twitter_card":"summary_large_image","schema":{"@context":"https:\/\/schema.org","@graph":[{"@type":"WebPage","@id":"https:\/\/kodukolle.ee\/tuote\/kamin-lanordica-candy\/","url":"https:\/\/kodukolle.ee\/tuote\/kamin-lanordica-candy\/","name":"Kamiina LaNordica CANDY Anthracite Black - Kodukolle","isPartOf":{"@id":"https:\/\/kodukolle.ee\/en\/#website"},"primaryImageOfPage":{"@id":"https:\/\/kodukolle.ee\/tuote\/kamin-lanordica-candy\/#primaryimage"},"image":{"@id":"https:\/\/kodukolle.ee\/tuote\/kamin-lanordica-candy\/#primaryimage"},"thumbnailUrl":"https:\/\/kodukolle.ee\/wp-content\/uploads\/2019\/07\/Candy_ambientata_OK_hr.jpg","datePublished":"2019-07-29T08:47:31+00:00","dateModified":"2024-03-12T09:27:20+00:00","description":"LaNordica-takka Candy tunnetaan vaikuttavasta lujuudestaan ja poikkeuksellisesta laadustaan, joten se sopii korkeimpiinkin vaatimuksiin.","breadcrumb":{"@id":"https:\/\/kodukolle.ee\/tuote\/kamin-lanordica-candy\/#breadcrumb"},"inLanguage":"fi","potentialAction":[{"@type":"ReadAction","target":["https:\/\/kodukolle.ee\/tuote\/kamin-lanordica-candy\/"]}]},{"@type":"ImageObject","inLanguage":"fi","@id":"https:\/\/kodukolle.ee\/tuote\/kamin-lanordica-candy\/#primaryimage","url":"https:\/\/kodukolle.ee\/wp-content\/uploads\/2019\/07\/Candy_ambientata_OK_hr.jpg","contentUrl":"https:\/\/kodukolle.ee\/wp-content\/uploads\/2019\/07\/Candy_ambientata_OK_hr.jpg","width":6668,"height":4992},{"@type":"BreadcrumbList","@id":"https:\/\/kodukolle.ee\/tuote\/kamin-lanordica-candy\/#breadcrumb","itemListElement":[{"@type":"ListItem","position":1,"name":"Home","item":"https:\/\/kodukolle.ee\/fi\/"},{"@type":"ListItem","position":2,"name":"Tuotteet","item":"https:\/\/kodukolle.ee\/fi\/tuotteet\/"},{"@type":"ListItem","position":3,"name":"Kamiina LaNordica CANDY Anthracite Black"}]},{"@type":"WebSite","@id":"https:\/\/kodukolle.ee\/en\/#website","url":"https:\/\/kodukolle.ee\/en\/","name":"Kodukolle","description":"","publisher":{"@id":"https:\/\/kodukolle.ee\/en\/#organization"},"potentialAction":[{"@type":"SearchAction","target":{"@type":"EntryPoint","urlTemplate":"https:\/\/kodukolle.ee\/en\/?s={search_term_string}"},"query-input":{"@type":"PropertyValueSpecification","valueRequired":true,"valueName":"search_term_string"}}],"inLanguage":"fi"},{"@type":"Organization","@id":"https:\/\/kodukolle.ee\/en\/#organization","name":"Kodukolle","url":"https:\/\/kodukolle.ee\/en\/","logo":{"@type":"ImageObject","inLanguage":"fi","@id":"https:\/\/kodukolle.ee\/en\/#\/schema\/logo\/image\/","url":"https:\/\/kodukolle.ee\/wp-content\/uploads\/2025\/06\/logo_must_gradient.svg","contentUrl":"https:\/\/kodukolle.ee\/wp-content\/uploads\/2025\/06\/logo_must_gradient.svg","caption":"Kodukolle"},"image":{"@id":"https:\/\/kodukolle.ee\/en\/#\/schema\/logo\/image\/"}}]}},"_links":{"self":[{"href":"https:\/\/kodukolle.ee\/fi\/wp-json\/wp\/v2\/product\/28208","targetHints":{"allow":["GET"]}}],"collection":[{"href":"https:\/\/kodukolle.ee\/fi\/wp-json\/wp\/v2\/product"}],"about":[{"href":"https:\/\/kodukolle.ee\/fi\/wp-json\/wp\/v2\/types\/product"}],"wp:featuredmedia":[{"embeddable":true,"href":"https:\/\/kodukolle.ee\/fi\/wp-json\/wp\/v2\/media\/28209"}],"wp:attachment":[{"href":"https:\/\/kodukolle.ee\/fi\/wp-json\/wp\/v2\/media?parent=28208"}],"wp:term":[{"taxonomy":"product_brand","embeddable":true,"href":"https:\/\/kodukolle.ee\/fi\/wp-json\/wp\/v2\/product_brand?post=28208"},{"taxonomy":"product_cat","embeddable":true,"href":"https:\/\/kodukolle.ee\/fi\/wp-json\/wp\/v2\/product_cat?post=28208"},{"taxonomy":"product_tag","embeddable":true,"href":"https:\/\/kodukolle.ee\/fi\/wp-json\/wp\/v2\/product_tag?post=28208"}],"curies":[{"name":"wp","href":"https:\/\/api.w.org\/{rel}","templated":true}]}}