{"id":28216,"date":"2019-09-23T11:25:12","date_gmt":"2019-09-23T08:25:12","guid":{"rendered":"https:\/\/kodukolle.ee\/?post_type=product&#038;p=28216"},"modified":"2024-03-12T12:48:47","modified_gmt":"2024-03-12T10:48:47","slug":"kamiina-lanordica-concita-keittolevylla","status":"publish","type":"product","link":"https:\/\/kodukolle.ee\/fi\/tuote\/kamiina-lanordica-concita-keittolevylla\/","title":{"rendered":"Kamiina LaNordica CONCITA keittolevyll\u00e4"},"content":{"rendered":"<p>L\u00f6yd\u00e4 LaNordica Concita puul\u00e4mmitteinen takka, yhdistelm\u00e4 kest\u00e4vyytt\u00e4, tyyli\u00e4 ja innovatiivisia ominaisuuksia. Se on paljon enemm\u00e4n kuin pelkk\u00e4 takka &#8211; se on kodin syd\u00e4n, joka luo l\u00e4mp\u00f6\u00e4 ja viihtyisyytt\u00e4. Sen moderni ja tyylik\u00e4s muotoilu sopii saumattomasti mihin tahansa sisustukseen. Concita l\u00e4mp\u00f6teholla ja hy\u00f6tysuhteella l\u00e4mmitt\u00e4\u00e4 338 m\u00b3 tilaa, mik\u00e4 tekee siit\u00e4 erinomaisen ratkaisun isompiinkin tiloihin. Sen sis\u00e4puoli on valmistettu valuraudasta, mik\u00e4 takaa kest\u00e4vyyden ja pitk\u00e4n k\u00e4ytt\u00f6i\u00e4n. Lis\u00e4ksi tulisijan polttoj\u00e4rjestelm\u00e4 on suunniteltu v\u00e4h\u00e4p\u00e4\u00e4st\u00f6iseksi, mik\u00e4 on hyv\u00e4ksi sinulle ja ymp\u00e4rist\u00f6lle. Irrotettava tuhkalaatiko tekee tulisijan puhdistamisesta ja huollosta helppoa. Concita-takalla voit luoda kodikkaan ja l\u00e4mpim\u00e4n tunnelman kotiisi samalla kun nautit mukavuudesta ja tehokkuudesta, jonka huipputeknologia mahdollistaa. Sarja sis\u00e4lt\u00e4\u00e4 integroidun EPS-ker\u00e4\u00e4ntymisj\u00e4rjestelm\u00e4n (EPS-j\u00e4rjestelm\u00e4 l\u00e4mm\u00f6n talteenottoon emaloidulla putkella, jossa on sis\u00e4inen turbolaattori).<br \/>\n&nbsp; <\/p>\n","protected":false},"excerpt":{"rendered":"<p>L\u00f6yd\u00e4 LaNordica Concita puul\u00e4mmitteinen takka, yhdistelm\u00e4 kest\u00e4vyytt\u00e4, tyyli\u00e4 ja innovatiivisia ominaisuuksia. Se on paljon enemm\u00e4n kuin pelkk\u00e4 takka &#8211; se on kodin syd\u00e4n, joka luo l\u00e4mp\u00f6\u00e4 ja viihtyisyytt\u00e4. Sen moderni ja tyylik\u00e4s muotoilu sopii saumattomasti mihin tahansa sisustukseen. Concita l\u00e4mp\u00f6teholla ja hy\u00f6tysuhteella l\u00e4mmitt\u00e4\u00e4 338 m\u00b3 tilaa, mik\u00e4 tekee siit\u00e4 erinomaisen ratkaisun isompiinkin tiloihin.<\/p>\n","protected":false},"featured_media":14389,"template":"","meta":{"_acf_changed":false},"product_brand":[],"product_cat":[9620],"product_tag":[],"class_list":{"0":"post-28216","1":"product","2":"type-product","3":"status-publish","4":"has-post-thumbnail","6":"brands-nordica-fi","7":"product_cat-takat","9":"first","10":"instock","11":"shipping-taxable","12":"purchasable","13":"product-type-simple"},"acf":[],"yoast_head":"<!-- This site is optimized with the Yoast SEO plugin v27.2 - https:\/\/yoast.com\/product\/yoast-seo-wordpress\/ -->\n<title>Kamiina LaNordica CONCITA keittolevyll\u00e4 - Kodukolle<\/title>\n<meta name=\"description\" content=\"L\u00f6yd\u00e4 LaNordica Concita puul\u00e4mmitteinen takka, yhdistelm\u00e4 kest\u00e4vyytt\u00e4, tyyli\u00e4 ja innovatiivisia ominaisuuksia.\" \/>\n<meta name=\"robots\" content=\"index, follow, max-snippet:-1, max-image-preview:large, max-video-preview:-1\" \/>\n<link rel=\"canonical\" href=\"https:\/\/kodukolle.ee\/tuote\/kamin-lanordica-concita-white-infinity\/\" \/>\n<meta property=\"og:locale\" content=\"fi_FI\" \/>\n<meta property=\"og:type\" content=\"article\" \/>\n<meta property=\"og:title\" content=\"Kamiina LaNordica CONCITA keittolevyll\u00e4 - Kodukolle\" \/>\n<meta property=\"og:description\" content=\"L\u00f6yd\u00e4 LaNordica Concita puul\u00e4mmitteinen takka, yhdistelm\u00e4 kest\u00e4vyytt\u00e4, tyyli\u00e4 ja innovatiivisia ominaisuuksia.\" \/>\n<meta property=\"og:url\" content=\"https:\/\/kodukolle.ee\/tuote\/kamin-lanordica-concita-white-infinity\/\" \/>\n<meta property=\"og:site_name\" content=\"Kodukolle\" \/>\n<meta property=\"article:modified_time\" content=\"2024-03-12T10:48:47+00:00\" \/>\n<meta property=\"og:image\" content=\"https:\/\/kodukolle.ee\/wp-content\/uploads\/2019\/09\/la-nordica-concita_.jpg\" \/>\n\t<meta property=\"og:image:width\" content=\"1024\" \/>\n\t<meta property=\"og:image:height\" content=\"768\" \/>\n\t<meta property=\"og:image:type\" content=\"image\/jpeg\" \/>\n<meta name=\"twitter:card\" content=\"summary_large_image\" \/>\n<script type=\"application\/ld+json\" class=\"yoast-schema-graph\">{\"@context\":\"https:\/\/schema.org\",\"@graph\":[{\"@type\":\"WebPage\",\"@id\":\"https:\/\/kodukolle.ee\/tuote\/kamin-lanordica-concita-white-infinity\/\",\"url\":\"https:\/\/kodukolle.ee\/tuote\/kamin-lanordica-concita-white-infinity\/\",\"name\":\"Kamiina LaNordica CONCITA keittolevyll\u00e4 - Kodukolle\",\"isPartOf\":{\"@id\":\"https:\/\/kodukolle.ee\/en\/#website\"},\"primaryImageOfPage\":{\"@id\":\"https:\/\/kodukolle.ee\/tuote\/kamin-lanordica-concita-white-infinity\/#primaryimage\"},\"image\":{\"@id\":\"https:\/\/kodukolle.ee\/tuote\/kamin-lanordica-concita-white-infinity\/#primaryimage\"},\"thumbnailUrl\":\"https:\/\/kodukolle.ee\/wp-content\/uploads\/2019\/09\/la-nordica-concita_.jpg\",\"datePublished\":\"2019-09-23T08:25:12+00:00\",\"dateModified\":\"2024-03-12T10:48:47+00:00\",\"description\":\"L\u00f6yd\u00e4 LaNordica Concita puul\u00e4mmitteinen takka, yhdistelm\u00e4 kest\u00e4vyytt\u00e4, tyyli\u00e4 ja innovatiivisia ominaisuuksia.\",\"breadcrumb\":{\"@id\":\"https:\/\/kodukolle.ee\/tuote\/kamin-lanordica-concita-white-infinity\/#breadcrumb\"},\"inLanguage\":\"fi\",\"potentialAction\":[{\"@type\":\"ReadAction\",\"target\":[\"https:\/\/kodukolle.ee\/tuote\/kamin-lanordica-concita-white-infinity\/\"]}]},{\"@type\":\"ImageObject\",\"inLanguage\":\"fi\",\"@id\":\"https:\/\/kodukolle.ee\/tuote\/kamin-lanordica-concita-white-infinity\/#primaryimage\",\"url\":\"https:\/\/kodukolle.ee\/wp-content\/uploads\/2019\/09\/la-nordica-concita_.jpg\",\"contentUrl\":\"https:\/\/kodukolle.ee\/wp-content\/uploads\/2019\/09\/la-nordica-concita_.jpg\",\"width\":1024,\"height\":768,\"caption\":\"la-nordica-concita\"},{\"@type\":\"BreadcrumbList\",\"@id\":\"https:\/\/kodukolle.ee\/tuote\/kamin-lanordica-concita-white-infinity\/#breadcrumb\",\"itemListElement\":[{\"@type\":\"ListItem\",\"position\":1,\"name\":\"Home\",\"item\":\"https:\/\/kodukolle.ee\/fi\/\"},{\"@type\":\"ListItem\",\"position\":2,\"name\":\"Tuotteet\",\"item\":\"https:\/\/kodukolle.ee\/fi\/tuotteet\/\"},{\"@type\":\"ListItem\",\"position\":3,\"name\":\"Kamiina LaNordica CONCITA keittolevyll\u00e4\"}]},{\"@type\":\"WebSite\",\"@id\":\"https:\/\/kodukolle.ee\/en\/#website\",\"url\":\"https:\/\/kodukolle.ee\/en\/\",\"name\":\"Kodukolle\",\"description\":\"\",\"publisher\":{\"@id\":\"https:\/\/kodukolle.ee\/en\/#organization\"},\"potentialAction\":[{\"@type\":\"SearchAction\",\"target\":{\"@type\":\"EntryPoint\",\"urlTemplate\":\"https:\/\/kodukolle.ee\/en\/?s={search_term_string}\"},\"query-input\":{\"@type\":\"PropertyValueSpecification\",\"valueRequired\":true,\"valueName\":\"search_term_string\"}}],\"inLanguage\":\"fi\"},{\"@type\":\"Organization\",\"@id\":\"https:\/\/kodukolle.ee\/en\/#organization\",\"name\":\"Kodukolle\",\"url\":\"https:\/\/kodukolle.ee\/en\/\",\"logo\":{\"@type\":\"ImageObject\",\"inLanguage\":\"fi\",\"@id\":\"https:\/\/kodukolle.ee\/en\/#\/schema\/logo\/image\/\",\"url\":\"https:\/\/kodukolle.ee\/wp-content\/uploads\/2025\/06\/logo_must_gradient.svg\",\"contentUrl\":\"https:\/\/kodukolle.ee\/wp-content\/uploads\/2025\/06\/logo_must_gradient.svg\",\"caption\":\"Kodukolle\"},\"image\":{\"@id\":\"https:\/\/kodukolle.ee\/en\/#\/schema\/logo\/image\/\"}}]}<\/script>\n<!-- \/ Yoast SEO plugin. -->","yoast_head_json":{"title":"Kamiina LaNordica CONCITA keittolevyll\u00e4 - Kodukolle","description":"L\u00f6yd\u00e4 LaNordica Concita puul\u00e4mmitteinen takka, yhdistelm\u00e4 kest\u00e4vyytt\u00e4, tyyli\u00e4 ja innovatiivisia ominaisuuksia.","robots":{"index":"index","follow":"follow","max-snippet":"max-snippet:-1","max-image-preview":"max-image-preview:large","max-video-preview":"max-video-preview:-1"},"canonical":"https:\/\/kodukolle.ee\/tuote\/kamin-lanordica-concita-white-infinity\/","og_locale":"fi_FI","og_type":"article","og_title":"Kamiina LaNordica CONCITA keittolevyll\u00e4 - Kodukolle","og_description":"L\u00f6yd\u00e4 LaNordica Concita puul\u00e4mmitteinen takka, yhdistelm\u00e4 kest\u00e4vyytt\u00e4, tyyli\u00e4 ja innovatiivisia ominaisuuksia.","og_url":"https:\/\/kodukolle.ee\/tuote\/kamin-lanordica-concita-white-infinity\/","og_site_name":"Kodukolle","article_modified_time":"2024-03-12T10:48:47+00:00","og_image":[{"width":1024,"height":768,"url":"https:\/\/kodukolle.ee\/wp-content\/uploads\/2019\/09\/la-nordica-concita_.jpg","type":"image\/jpeg"}],"twitter_card":"summary_large_image","schema":{"@context":"https:\/\/schema.org","@graph":[{"@type":"WebPage","@id":"https:\/\/kodukolle.ee\/tuote\/kamin-lanordica-concita-white-infinity\/","url":"https:\/\/kodukolle.ee\/tuote\/kamin-lanordica-concita-white-infinity\/","name":"Kamiina LaNordica CONCITA keittolevyll\u00e4 - Kodukolle","isPartOf":{"@id":"https:\/\/kodukolle.ee\/en\/#website"},"primaryImageOfPage":{"@id":"https:\/\/kodukolle.ee\/tuote\/kamin-lanordica-concita-white-infinity\/#primaryimage"},"image":{"@id":"https:\/\/kodukolle.ee\/tuote\/kamin-lanordica-concita-white-infinity\/#primaryimage"},"thumbnailUrl":"https:\/\/kodukolle.ee\/wp-content\/uploads\/2019\/09\/la-nordica-concita_.jpg","datePublished":"2019-09-23T08:25:12+00:00","dateModified":"2024-03-12T10:48:47+00:00","description":"L\u00f6yd\u00e4 LaNordica Concita puul\u00e4mmitteinen takka, yhdistelm\u00e4 kest\u00e4vyytt\u00e4, tyyli\u00e4 ja innovatiivisia ominaisuuksia.","breadcrumb":{"@id":"https:\/\/kodukolle.ee\/tuote\/kamin-lanordica-concita-white-infinity\/#breadcrumb"},"inLanguage":"fi","potentialAction":[{"@type":"ReadAction","target":["https:\/\/kodukolle.ee\/tuote\/kamin-lanordica-concita-white-infinity\/"]}]},{"@type":"ImageObject","inLanguage":"fi","@id":"https:\/\/kodukolle.ee\/tuote\/kamin-lanordica-concita-white-infinity\/#primaryimage","url":"https:\/\/kodukolle.ee\/wp-content\/uploads\/2019\/09\/la-nordica-concita_.jpg","contentUrl":"https:\/\/kodukolle.ee\/wp-content\/uploads\/2019\/09\/la-nordica-concita_.jpg","width":1024,"height":768,"caption":"la-nordica-concita"},{"@type":"BreadcrumbList","@id":"https:\/\/kodukolle.ee\/tuote\/kamin-lanordica-concita-white-infinity\/#breadcrumb","itemListElement":[{"@type":"ListItem","position":1,"name":"Home","item":"https:\/\/kodukolle.ee\/fi\/"},{"@type":"ListItem","position":2,"name":"Tuotteet","item":"https:\/\/kodukolle.ee\/fi\/tuotteet\/"},{"@type":"ListItem","position":3,"name":"Kamiina LaNordica CONCITA keittolevyll\u00e4"}]},{"@type":"WebSite","@id":"https:\/\/kodukolle.ee\/en\/#website","url":"https:\/\/kodukolle.ee\/en\/","name":"Kodukolle","description":"","publisher":{"@id":"https:\/\/kodukolle.ee\/en\/#organization"},"potentialAction":[{"@type":"SearchAction","target":{"@type":"EntryPoint","urlTemplate":"https:\/\/kodukolle.ee\/en\/?s={search_term_string}"},"query-input":{"@type":"PropertyValueSpecification","valueRequired":true,"valueName":"search_term_string"}}],"inLanguage":"fi"},{"@type":"Organization","@id":"https:\/\/kodukolle.ee\/en\/#organization","name":"Kodukolle","url":"https:\/\/kodukolle.ee\/en\/","logo":{"@type":"ImageObject","inLanguage":"fi","@id":"https:\/\/kodukolle.ee\/en\/#\/schema\/logo\/image\/","url":"https:\/\/kodukolle.ee\/wp-content\/uploads\/2025\/06\/logo_must_gradient.svg","contentUrl":"https:\/\/kodukolle.ee\/wp-content\/uploads\/2025\/06\/logo_must_gradient.svg","caption":"Kodukolle"},"image":{"@id":"https:\/\/kodukolle.ee\/en\/#\/schema\/logo\/image\/"}}]}},"_links":{"self":[{"href":"https:\/\/kodukolle.ee\/fi\/wp-json\/wp\/v2\/product\/28216","targetHints":{"allow":["GET"]}}],"collection":[{"href":"https:\/\/kodukolle.ee\/fi\/wp-json\/wp\/v2\/product"}],"about":[{"href":"https:\/\/kodukolle.ee\/fi\/wp-json\/wp\/v2\/types\/product"}],"wp:featuredmedia":[{"embeddable":true,"href":"https:\/\/kodukolle.ee\/fi\/wp-json\/wp\/v2\/media\/14389"}],"wp:attachment":[{"href":"https:\/\/kodukolle.ee\/fi\/wp-json\/wp\/v2\/media?parent=28216"}],"wp:term":[{"taxonomy":"product_brand","embeddable":true,"href":"https:\/\/kodukolle.ee\/fi\/wp-json\/wp\/v2\/product_brand?post=28216"},{"taxonomy":"product_cat","embeddable":true,"href":"https:\/\/kodukolle.ee\/fi\/wp-json\/wp\/v2\/product_cat?post=28216"},{"taxonomy":"product_tag","embeddable":true,"href":"https:\/\/kodukolle.ee\/fi\/wp-json\/wp\/v2\/product_tag?post=28216"}],"curies":[{"name":"wp","href":"https:\/\/api.w.org\/{rel}","templated":true}]}}