{"id":28240,"date":"2019-07-29T11:47:32","date_gmt":"2019-07-29T08:47:32","guid":{"rendered":"https:\/\/kodukolle.ee\/?post_type=product&#038;p=28240"},"modified":"2024-03-12T13:55:05","modified_gmt":"2024-03-12T11:55:05","slug":"kamiina-lanordica-dante-con-portalegna-matte-black","status":"publish","type":"product","link":"https:\/\/kodukolle.ee\/fi\/tuote\/kamiina-lanordica-dante-con-portalegna-matte-black\/","title":{"rendered":"Kamiina LaNordica DANTE CON PORTALEGNA Matte Black"},"content":{"rendered":"<p>LaNordica Dante Con Portalegna on kauniisti suunniteltu takka, joka lis\u00e4\u00e4 sek\u00e4 tyyli\u00e4 ett\u00e4 l\u00e4mp\u00f6\u00e4 kotiisi. T\u00e4ss\u00e4 modernissa puul\u00e4mmitteisess\u00e4 takassa on k\u00e4tev\u00e4 s\u00e4ilytystila puulle, mik\u00e4 tekee siit\u00e4 k\u00e4yt\u00e4nn\u00f6llisen ja toimivan. Se toimii hiljaa, on ymp\u00e4rist\u00f6yst\u00e4v\u00e4llinen ja l\u00e4mmitt\u00e4\u00e4 nopeasti suuren alueen. Takka-ovi on valmistettu korkealaatuisesta valuraudasta ja siin\u00e4 on moderni, tehokas polttotekniikka sek\u00e4 erityisesti kehitetty j\u00e4lkipolttoj\u00e4rjestelm\u00e4. Lis\u00e4ksi se on varustettu ulos vedett\u00e4v\u00e4ll\u00e4 tuhkalaatikolla, jonka ansiosta palamisj\u00e4\u00e4m\u00e4t on helppo poistaa. Takassa on lasinpuhdistusj\u00e4rjestelm\u00e4, joka est\u00e4\u00e4 tehokkaasti lian ker\u00e4\u00e4ntymisen takan luukun lasiin esil\u00e4mmitetyn ilmavirran avulla. Sarja sis\u00e4lt\u00e4\u00e4 integroidun EPS-ker\u00e4\u00e4ntymisj\u00e4rjestelm\u00e4n (EPS-j\u00e4rjestelm\u00e4 l\u00e4mm\u00f6n talteenottoon emaloidulla putkella, jossa on sis\u00e4inen turbolaattori).<\/p>\n<p>&nbsp;<\/p>\n","protected":false},"excerpt":{"rendered":"<p>LaNordica Dante Con Portalegna on kauniisti suunniteltu takka, joka lis\u00e4\u00e4 sek\u00e4 tyyli\u00e4 ett\u00e4 l\u00e4mp\u00f6\u00e4 kotiisi. T\u00e4ss\u00e4 modernissa puul\u00e4mmitteisess\u00e4 takassa on k\u00e4tev\u00e4 s\u00e4ilytystila puulle, mik\u00e4 tekee siit\u00e4 k\u00e4yt\u00e4nn\u00f6llisen ja toimivan. Se toimii hiljaa, on ymp\u00e4rist\u00f6yst\u00e4v\u00e4llinen ja l\u00e4mmitt\u00e4\u00e4 nopeasti suuren alueen. Takka-ovi on valmistettu korkealaatuisesta valuraudasta ja siin\u00e4 on moderni, tehokas polttotekniikka sek\u00e4 erityisesti kehitetty j\u00e4lkipolttoj\u00e4rjestelm\u00e4.<\/p>\n","protected":false},"featured_media":14562,"template":"","meta":{"_acf_changed":false},"product_brand":[],"product_cat":[9620],"product_tag":[],"class_list":{"0":"post-28240","1":"product","2":"type-product","3":"status-publish","4":"has-post-thumbnail","6":"brands-nordica-fi","7":"product_cat-takat","9":"first","10":"instock","11":"shipping-taxable","12":"purchasable","13":"product-type-simple"},"acf":[],"yoast_head":"<!-- This site is optimized with the Yoast SEO plugin v27.2 - https:\/\/yoast.com\/product\/yoast-seo-wordpress\/ -->\n<title>Kamiina LaNordica DANTE CON PORTALEGNA Matte Black - Kodukolle<\/title>\n<meta name=\"description\" content=\"LaNordica Dante Con Portalegna on kauniisti suunniteltu takka, joka lis\u00e4\u00e4 sek\u00e4 tyyli\u00e4 ett\u00e4 l\u00e4mp\u00f6\u00e4 kotiisi.\" \/>\n<meta name=\"robots\" content=\"index, follow, max-snippet:-1, max-image-preview:large, max-video-preview:-1\" \/>\n<link rel=\"canonical\" href=\"https:\/\/kodukolle.ee\/tuote\/kamin-lanordica-dante-con-portalegna\/\" \/>\n<meta property=\"og:locale\" content=\"fi_FI\" \/>\n<meta property=\"og:type\" content=\"article\" \/>\n<meta property=\"og:title\" content=\"Kamiina LaNordica DANTE CON PORTALEGNA Matte Black - Kodukolle\" \/>\n<meta property=\"og:description\" content=\"LaNordica Dante Con Portalegna on kauniisti suunniteltu takka, joka lis\u00e4\u00e4 sek\u00e4 tyyli\u00e4 ett\u00e4 l\u00e4mp\u00f6\u00e4 kotiisi.\" \/>\n<meta property=\"og:url\" content=\"https:\/\/kodukolle.ee\/tuote\/kamin-lanordica-dante-con-portalegna\/\" \/>\n<meta property=\"og:site_name\" content=\"Kodukolle\" \/>\n<meta property=\"article:modified_time\" content=\"2024-03-12T11:55:05+00:00\" \/>\n<meta property=\"og:image\" content=\"https:\/\/kodukolle.ee\/wp-content\/uploads\/2019\/07\/La-Nordica-Extraflame-Dante_1.jpg\" \/>\n\t<meta property=\"og:image:width\" content=\"1923\" \/>\n\t<meta property=\"og:image:height\" content=\"1687\" \/>\n\t<meta property=\"og:image:type\" content=\"image\/jpeg\" \/>\n<meta name=\"twitter:card\" content=\"summary_large_image\" \/>\n<script type=\"application\/ld+json\" class=\"yoast-schema-graph\">{\"@context\":\"https:\/\/schema.org\",\"@graph\":[{\"@type\":\"WebPage\",\"@id\":\"https:\/\/kodukolle.ee\/tuote\/kamin-lanordica-dante-con-portalegna\/\",\"url\":\"https:\/\/kodukolle.ee\/tuote\/kamin-lanordica-dante-con-portalegna\/\",\"name\":\"Kamiina LaNordica DANTE CON PORTALEGNA Matte Black - Kodukolle\",\"isPartOf\":{\"@id\":\"https:\/\/kodukolle.ee\/en\/#website\"},\"primaryImageOfPage\":{\"@id\":\"https:\/\/kodukolle.ee\/tuote\/kamin-lanordica-dante-con-portalegna\/#primaryimage\"},\"image\":{\"@id\":\"https:\/\/kodukolle.ee\/tuote\/kamin-lanordica-dante-con-portalegna\/#primaryimage\"},\"thumbnailUrl\":\"https:\/\/kodukolle.ee\/wp-content\/uploads\/2019\/07\/La-Nordica-Extraflame-Dante_1.jpg\",\"datePublished\":\"2019-07-29T08:47:32+00:00\",\"dateModified\":\"2024-03-12T11:55:05+00:00\",\"description\":\"LaNordica Dante Con Portalegna on kauniisti suunniteltu takka, joka lis\u00e4\u00e4 sek\u00e4 tyyli\u00e4 ett\u00e4 l\u00e4mp\u00f6\u00e4 kotiisi.\",\"breadcrumb\":{\"@id\":\"https:\/\/kodukolle.ee\/tuote\/kamin-lanordica-dante-con-portalegna\/#breadcrumb\"},\"inLanguage\":\"fi\",\"potentialAction\":[{\"@type\":\"ReadAction\",\"target\":[\"https:\/\/kodukolle.ee\/tuote\/kamin-lanordica-dante-con-portalegna\/\"]}]},{\"@type\":\"ImageObject\",\"inLanguage\":\"fi\",\"@id\":\"https:\/\/kodukolle.ee\/tuote\/kamin-lanordica-dante-con-portalegna\/#primaryimage\",\"url\":\"https:\/\/kodukolle.ee\/wp-content\/uploads\/2019\/07\/La-Nordica-Extraflame-Dante_1.jpg\",\"contentUrl\":\"https:\/\/kodukolle.ee\/wp-content\/uploads\/2019\/07\/La-Nordica-Extraflame-Dante_1.jpg\",\"width\":1923,\"height\":1687,\"caption\":\"La-Nordica-Extraflame-Dante\"},{\"@type\":\"BreadcrumbList\",\"@id\":\"https:\/\/kodukolle.ee\/tuote\/kamin-lanordica-dante-con-portalegna\/#breadcrumb\",\"itemListElement\":[{\"@type\":\"ListItem\",\"position\":1,\"name\":\"Home\",\"item\":\"https:\/\/kodukolle.ee\/fi\/\"},{\"@type\":\"ListItem\",\"position\":2,\"name\":\"Tuotteet\",\"item\":\"https:\/\/kodukolle.ee\/fi\/tuotteet\/\"},{\"@type\":\"ListItem\",\"position\":3,\"name\":\"Kamiina LaNordica DANTE CON PORTALEGNA Matte Black\"}]},{\"@type\":\"WebSite\",\"@id\":\"https:\/\/kodukolle.ee\/en\/#website\",\"url\":\"https:\/\/kodukolle.ee\/en\/\",\"name\":\"Kodukolle\",\"description\":\"\",\"publisher\":{\"@id\":\"https:\/\/kodukolle.ee\/en\/#organization\"},\"potentialAction\":[{\"@type\":\"SearchAction\",\"target\":{\"@type\":\"EntryPoint\",\"urlTemplate\":\"https:\/\/kodukolle.ee\/en\/?s={search_term_string}\"},\"query-input\":{\"@type\":\"PropertyValueSpecification\",\"valueRequired\":true,\"valueName\":\"search_term_string\"}}],\"inLanguage\":\"fi\"},{\"@type\":\"Organization\",\"@id\":\"https:\/\/kodukolle.ee\/en\/#organization\",\"name\":\"Kodukolle\",\"url\":\"https:\/\/kodukolle.ee\/en\/\",\"logo\":{\"@type\":\"ImageObject\",\"inLanguage\":\"fi\",\"@id\":\"https:\/\/kodukolle.ee\/en\/#\/schema\/logo\/image\/\",\"url\":\"https:\/\/kodukolle.ee\/wp-content\/uploads\/2025\/06\/logo_must_gradient.svg\",\"contentUrl\":\"https:\/\/kodukolle.ee\/wp-content\/uploads\/2025\/06\/logo_must_gradient.svg\",\"caption\":\"Kodukolle\"},\"image\":{\"@id\":\"https:\/\/kodukolle.ee\/en\/#\/schema\/logo\/image\/\"}}]}<\/script>\n<!-- \/ Yoast SEO plugin. -->","yoast_head_json":{"title":"Kamiina LaNordica DANTE CON PORTALEGNA Matte Black - Kodukolle","description":"LaNordica Dante Con Portalegna on kauniisti suunniteltu takka, joka lis\u00e4\u00e4 sek\u00e4 tyyli\u00e4 ett\u00e4 l\u00e4mp\u00f6\u00e4 kotiisi.","robots":{"index":"index","follow":"follow","max-snippet":"max-snippet:-1","max-image-preview":"max-image-preview:large","max-video-preview":"max-video-preview:-1"},"canonical":"https:\/\/kodukolle.ee\/tuote\/kamin-lanordica-dante-con-portalegna\/","og_locale":"fi_FI","og_type":"article","og_title":"Kamiina LaNordica DANTE CON PORTALEGNA Matte Black - Kodukolle","og_description":"LaNordica Dante Con Portalegna on kauniisti suunniteltu takka, joka lis\u00e4\u00e4 sek\u00e4 tyyli\u00e4 ett\u00e4 l\u00e4mp\u00f6\u00e4 kotiisi.","og_url":"https:\/\/kodukolle.ee\/tuote\/kamin-lanordica-dante-con-portalegna\/","og_site_name":"Kodukolle","article_modified_time":"2024-03-12T11:55:05+00:00","og_image":[{"width":1923,"height":1687,"url":"https:\/\/kodukolle.ee\/wp-content\/uploads\/2019\/07\/La-Nordica-Extraflame-Dante_1.jpg","type":"image\/jpeg"}],"twitter_card":"summary_large_image","schema":{"@context":"https:\/\/schema.org","@graph":[{"@type":"WebPage","@id":"https:\/\/kodukolle.ee\/tuote\/kamin-lanordica-dante-con-portalegna\/","url":"https:\/\/kodukolle.ee\/tuote\/kamin-lanordica-dante-con-portalegna\/","name":"Kamiina LaNordica DANTE CON PORTALEGNA Matte Black - Kodukolle","isPartOf":{"@id":"https:\/\/kodukolle.ee\/en\/#website"},"primaryImageOfPage":{"@id":"https:\/\/kodukolle.ee\/tuote\/kamin-lanordica-dante-con-portalegna\/#primaryimage"},"image":{"@id":"https:\/\/kodukolle.ee\/tuote\/kamin-lanordica-dante-con-portalegna\/#primaryimage"},"thumbnailUrl":"https:\/\/kodukolle.ee\/wp-content\/uploads\/2019\/07\/La-Nordica-Extraflame-Dante_1.jpg","datePublished":"2019-07-29T08:47:32+00:00","dateModified":"2024-03-12T11:55:05+00:00","description":"LaNordica Dante Con Portalegna on kauniisti suunniteltu takka, joka lis\u00e4\u00e4 sek\u00e4 tyyli\u00e4 ett\u00e4 l\u00e4mp\u00f6\u00e4 kotiisi.","breadcrumb":{"@id":"https:\/\/kodukolle.ee\/tuote\/kamin-lanordica-dante-con-portalegna\/#breadcrumb"},"inLanguage":"fi","potentialAction":[{"@type":"ReadAction","target":["https:\/\/kodukolle.ee\/tuote\/kamin-lanordica-dante-con-portalegna\/"]}]},{"@type":"ImageObject","inLanguage":"fi","@id":"https:\/\/kodukolle.ee\/tuote\/kamin-lanordica-dante-con-portalegna\/#primaryimage","url":"https:\/\/kodukolle.ee\/wp-content\/uploads\/2019\/07\/La-Nordica-Extraflame-Dante_1.jpg","contentUrl":"https:\/\/kodukolle.ee\/wp-content\/uploads\/2019\/07\/La-Nordica-Extraflame-Dante_1.jpg","width":1923,"height":1687,"caption":"La-Nordica-Extraflame-Dante"},{"@type":"BreadcrumbList","@id":"https:\/\/kodukolle.ee\/tuote\/kamin-lanordica-dante-con-portalegna\/#breadcrumb","itemListElement":[{"@type":"ListItem","position":1,"name":"Home","item":"https:\/\/kodukolle.ee\/fi\/"},{"@type":"ListItem","position":2,"name":"Tuotteet","item":"https:\/\/kodukolle.ee\/fi\/tuotteet\/"},{"@type":"ListItem","position":3,"name":"Kamiina LaNordica DANTE CON PORTALEGNA Matte Black"}]},{"@type":"WebSite","@id":"https:\/\/kodukolle.ee\/en\/#website","url":"https:\/\/kodukolle.ee\/en\/","name":"Kodukolle","description":"","publisher":{"@id":"https:\/\/kodukolle.ee\/en\/#organization"},"potentialAction":[{"@type":"SearchAction","target":{"@type":"EntryPoint","urlTemplate":"https:\/\/kodukolle.ee\/en\/?s={search_term_string}"},"query-input":{"@type":"PropertyValueSpecification","valueRequired":true,"valueName":"search_term_string"}}],"inLanguage":"fi"},{"@type":"Organization","@id":"https:\/\/kodukolle.ee\/en\/#organization","name":"Kodukolle","url":"https:\/\/kodukolle.ee\/en\/","logo":{"@type":"ImageObject","inLanguage":"fi","@id":"https:\/\/kodukolle.ee\/en\/#\/schema\/logo\/image\/","url":"https:\/\/kodukolle.ee\/wp-content\/uploads\/2025\/06\/logo_must_gradient.svg","contentUrl":"https:\/\/kodukolle.ee\/wp-content\/uploads\/2025\/06\/logo_must_gradient.svg","caption":"Kodukolle"},"image":{"@id":"https:\/\/kodukolle.ee\/en\/#\/schema\/logo\/image\/"}}]}},"_links":{"self":[{"href":"https:\/\/kodukolle.ee\/fi\/wp-json\/wp\/v2\/product\/28240","targetHints":{"allow":["GET"]}}],"collection":[{"href":"https:\/\/kodukolle.ee\/fi\/wp-json\/wp\/v2\/product"}],"about":[{"href":"https:\/\/kodukolle.ee\/fi\/wp-json\/wp\/v2\/types\/product"}],"wp:featuredmedia":[{"embeddable":true,"href":"https:\/\/kodukolle.ee\/fi\/wp-json\/wp\/v2\/media\/14562"}],"wp:attachment":[{"href":"https:\/\/kodukolle.ee\/fi\/wp-json\/wp\/v2\/media?parent=28240"}],"wp:term":[{"taxonomy":"product_brand","embeddable":true,"href":"https:\/\/kodukolle.ee\/fi\/wp-json\/wp\/v2\/product_brand?post=28240"},{"taxonomy":"product_cat","embeddable":true,"href":"https:\/\/kodukolle.ee\/fi\/wp-json\/wp\/v2\/product_cat?post=28240"},{"taxonomy":"product_tag","embeddable":true,"href":"https:\/\/kodukolle.ee\/fi\/wp-json\/wp\/v2\/product_tag?post=28240"}],"curies":[{"name":"wp","href":"https:\/\/api.w.org\/{rel}","templated":true}]}}