{"id":28335,"date":"2023-07-20T09:03:25","date_gmt":"2023-07-20T06:03:25","guid":{"rendered":"https:\/\/kodukolle.ee\/?post_type=product&#038;p=28335"},"modified":"2024-03-14T09:31:44","modified_gmt":"2024-03-14T07:31:44","slug":"kamiina-lanordica-emiliana-steel-keittolevylla","status":"publish","type":"product","link":"https:\/\/kodukolle.ee\/fi\/tuote\/kamiina-lanordica-emiliana-steel-keittolevylla\/","title":{"rendered":"Kamiina LaNordica EMILIANA STEEL keittolevyll\u00e4"},"content":{"rendered":"<p>LaNordica esittelee upean Emilianan puul\u00e4mmitteisen takan, joka ei ainoastaan l\u00e4mmit\u00e4, vaan lis\u00e4\u00e4 my\u00f6s ripaus eleganssia tilaan. Tyylikk\u00e4\u00e4n ja ajattoman muotoilunsa ansiosta Emiliana on ihanteellinen valinta kodin sisustamiseen. T\u00e4m\u00e4 takka on suunniteltu huolellisesti k\u00e4yt\u00e4nn\u00f6llisyyden ja esteettisuuden tasapainoa ajatellen. Valurautainen sis\u00e4puoli takaa kest\u00e4vyyden ja pitk\u00e4n k\u00e4ytt\u00f6i\u00e4n, ulkovuori on emaloitua ter\u00e4st\u00e4. Emilianassa on erinomainen energiatehokkuus, sill\u00e4 se pystyy l\u00e4mmitt\u00e4m\u00e4\u00e4n jopa 186 m\u00b3 tilaa, joten se sopii useimpiin koteihin. Lis\u00e4ksi siin\u00e4 on ymp\u00e4rist\u00f6yst\u00e4v\u00e4llinen j\u00e4lkipolttoj\u00e4rjestelm\u00e4, joka varmistaa alhaiset p\u00e4\u00e4st\u00f6t. Siin\u00e4 on irrotettava tuhkalaatikko, s\u00e4\u00e4dett\u00e4v\u00e4 ensi\u00f6- ja toisiopaine palamisen parantamiseksi sek\u00e4 keraaminen lasi. N\u00e4m\u00e4 ominaisuudet lis\u00e4\u00e4v\u00e4t k\u00e4ytt\u00f6mukavuutta ja helppoutta. Sen klassinen muotoilu yhdistettyn\u00e4 moderneihin ominaisuuksiin tekee siit\u00e4 ihanteellisen valinnan niille, jotka etsiv\u00e4t l\u00e4mp\u00f6\u00e4 ja mukavuutta asuintiloihinsa.<br \/>\n&nbsp; <\/p>\n","protected":false},"excerpt":{"rendered":"<p>LaNordica esittelee upean Emilianan puul\u00e4mmitteisen takan, joka ei ainoastaan l\u00e4mmit\u00e4, vaan lis\u00e4\u00e4 my\u00f6s ripaus eleganssia tilaan. Tyylikk\u00e4\u00e4n ja ajattoman muotoilunsa ansiosta Emiliana on ihanteellinen valinta kodin sisustamiseen. T\u00e4m\u00e4 takka on suunniteltu huolellisesti k\u00e4yt\u00e4nn\u00f6llisyyden ja esteettisuuden tasapainoa ajatellen. Valurautainen sis\u00e4puoli takaa kest\u00e4vyyden ja pitk\u00e4n k\u00e4ytt\u00f6i\u00e4n, ulkovuori on emaloitua ter\u00e4st\u00e4.<\/p>\n","protected":false},"featured_media":14908,"template":"","meta":{"_acf_changed":false},"product_brand":[],"product_cat":[9620],"product_tag":[],"class_list":{"0":"post-28335","1":"product","2":"type-product","3":"status-publish","4":"has-post-thumbnail","6":"brands-nordica-fi","7":"product_cat-takat","9":"first","10":"instock","11":"shipping-taxable","12":"purchasable","13":"product-type-simple"},"acf":[],"yoast_head":"<!-- This site is optimized with the Yoast SEO plugin v27.4 - https:\/\/yoast.com\/product\/yoast-seo-wordpress\/ -->\n<title>Kamiina LaNordica EMILIANA STEEL keittolevyll\u00e4 - Kodukolle<\/title>\n<meta name=\"description\" content=\"LaNordica esittelee upean Emilianan puul\u00e4mmitteisen takan, joka ei ainoastaan l\u00e4mmit\u00e4, vaan lis\u00e4\u00e4 my\u00f6s ripaus eleganssia tilaan.\" \/>\n<meta name=\"robots\" content=\"index, follow, max-snippet:-1, max-image-preview:large, max-video-preview:-1\" \/>\n<link rel=\"canonical\" href=\"https:\/\/kodukolle.ee\/tuote\/kamin-lanordica-emiliana-steel-pliidiplaadiga\/\" \/>\n<meta property=\"og:locale\" content=\"fi_FI\" \/>\n<meta property=\"og:type\" content=\"article\" \/>\n<meta property=\"og:title\" content=\"Kamiina LaNordica EMILIANA STEEL keittolevyll\u00e4 - Kodukolle\" \/>\n<meta property=\"og:description\" content=\"LaNordica esittelee upean Emilianan puul\u00e4mmitteisen takan, joka ei ainoastaan l\u00e4mmit\u00e4, vaan lis\u00e4\u00e4 my\u00f6s ripaus eleganssia tilaan.\" \/>\n<meta property=\"og:url\" content=\"https:\/\/kodukolle.ee\/tuote\/kamin-lanordica-emiliana-steel-pliidiplaadiga\/\" \/>\n<meta property=\"og:site_name\" content=\"Kodukolle\" \/>\n<meta property=\"article:modified_time\" content=\"2024-03-14T07:31:44+00:00\" \/>\n<meta property=\"og:image\" content=\"https:\/\/kodukolle.ee\/wp-content\/uploads\/2023\/07\/LaNordica-Emiliana-Steel_1.jpg\" \/>\n\t<meta property=\"og:image:width\" content=\"900\" \/>\n\t<meta property=\"og:image:height\" content=\"900\" \/>\n\t<meta property=\"og:image:type\" content=\"image\/jpeg\" \/>\n<meta name=\"twitter:card\" content=\"summary_large_image\" \/>\n<script type=\"application\/ld+json\" class=\"yoast-schema-graph\">{\"@context\":\"https:\\\/\\\/schema.org\",\"@graph\":[{\"@type\":\"WebPage\",\"@id\":\"https:\\\/\\\/kodukolle.ee\\\/tuote\\\/kamin-lanordica-emiliana-steel-pliidiplaadiga\\\/\",\"url\":\"https:\\\/\\\/kodukolle.ee\\\/tuote\\\/kamin-lanordica-emiliana-steel-pliidiplaadiga\\\/\",\"name\":\"Kamiina LaNordica EMILIANA STEEL keittolevyll\u00e4 - Kodukolle\",\"isPartOf\":{\"@id\":\"https:\\\/\\\/kodukolle.ee\\\/en\\\/#website\"},\"primaryImageOfPage\":{\"@id\":\"https:\\\/\\\/kodukolle.ee\\\/tuote\\\/kamin-lanordica-emiliana-steel-pliidiplaadiga\\\/#primaryimage\"},\"image\":{\"@id\":\"https:\\\/\\\/kodukolle.ee\\\/tuote\\\/kamin-lanordica-emiliana-steel-pliidiplaadiga\\\/#primaryimage\"},\"thumbnailUrl\":\"https:\\\/\\\/kodukolle.ee\\\/wp-content\\\/uploads\\\/2023\\\/07\\\/LaNordica-Emiliana-Steel_1.jpg\",\"datePublished\":\"2023-07-20T06:03:25+00:00\",\"dateModified\":\"2024-03-14T07:31:44+00:00\",\"description\":\"LaNordica esittelee upean Emilianan puul\u00e4mmitteisen takan, joka ei ainoastaan l\u00e4mmit\u00e4, vaan lis\u00e4\u00e4 my\u00f6s ripaus eleganssia tilaan.\",\"breadcrumb\":{\"@id\":\"https:\\\/\\\/kodukolle.ee\\\/tuote\\\/kamin-lanordica-emiliana-steel-pliidiplaadiga\\\/#breadcrumb\"},\"inLanguage\":\"fi\",\"potentialAction\":[{\"@type\":\"ReadAction\",\"target\":[\"https:\\\/\\\/kodukolle.ee\\\/tuote\\\/kamin-lanordica-emiliana-steel-pliidiplaadiga\\\/\"]}]},{\"@type\":\"ImageObject\",\"inLanguage\":\"fi\",\"@id\":\"https:\\\/\\\/kodukolle.ee\\\/tuote\\\/kamin-lanordica-emiliana-steel-pliidiplaadiga\\\/#primaryimage\",\"url\":\"https:\\\/\\\/kodukolle.ee\\\/wp-content\\\/uploads\\\/2023\\\/07\\\/LaNordica-Emiliana-Steel_1.jpg\",\"contentUrl\":\"https:\\\/\\\/kodukolle.ee\\\/wp-content\\\/uploads\\\/2023\\\/07\\\/LaNordica-Emiliana-Steel_1.jpg\",\"width\":900,\"height\":900,\"caption\":\"LaNordica-Emiliana-Steel\"},{\"@type\":\"BreadcrumbList\",\"@id\":\"https:\\\/\\\/kodukolle.ee\\\/tuote\\\/kamin-lanordica-emiliana-steel-pliidiplaadiga\\\/#breadcrumb\",\"itemListElement\":[{\"@type\":\"ListItem\",\"position\":1,\"name\":\"Home\",\"item\":\"https:\\\/\\\/kodukolle.ee\\\/fi\\\/\"},{\"@type\":\"ListItem\",\"position\":2,\"name\":\"Tuotteet\",\"item\":\"https:\\\/\\\/kodukolle.ee\\\/fi\\\/tuotteet\\\/\"},{\"@type\":\"ListItem\",\"position\":3,\"name\":\"Kamiina LaNordica EMILIANA STEEL keittolevyll\u00e4\"}]},{\"@type\":\"WebSite\",\"@id\":\"https:\\\/\\\/kodukolle.ee\\\/en\\\/#website\",\"url\":\"https:\\\/\\\/kodukolle.ee\\\/en\\\/\",\"name\":\"Kodukolle\",\"description\":\"\",\"publisher\":{\"@id\":\"https:\\\/\\\/kodukolle.ee\\\/en\\\/#organization\"},\"potentialAction\":[{\"@type\":\"SearchAction\",\"target\":{\"@type\":\"EntryPoint\",\"urlTemplate\":\"https:\\\/\\\/kodukolle.ee\\\/en\\\/?s={search_term_string}\"},\"query-input\":{\"@type\":\"PropertyValueSpecification\",\"valueRequired\":true,\"valueName\":\"search_term_string\"}}],\"inLanguage\":\"fi\"},{\"@type\":\"Organization\",\"@id\":\"https:\\\/\\\/kodukolle.ee\\\/en\\\/#organization\",\"name\":\"Kodukolle\",\"url\":\"https:\\\/\\\/kodukolle.ee\\\/en\\\/\",\"logo\":{\"@type\":\"ImageObject\",\"inLanguage\":\"fi\",\"@id\":\"https:\\\/\\\/kodukolle.ee\\\/en\\\/#\\\/schema\\\/logo\\\/image\\\/\",\"url\":\"https:\\\/\\\/kodukolle.ee\\\/wp-content\\\/uploads\\\/2025\\\/06\\\/logo_must_gradient.svg\",\"contentUrl\":\"https:\\\/\\\/kodukolle.ee\\\/wp-content\\\/uploads\\\/2025\\\/06\\\/logo_must_gradient.svg\",\"caption\":\"Kodukolle\"},\"image\":{\"@id\":\"https:\\\/\\\/kodukolle.ee\\\/en\\\/#\\\/schema\\\/logo\\\/image\\\/\"}}]}<\/script>\n<!-- \/ Yoast SEO plugin. -->","yoast_head_json":{"title":"Kamiina LaNordica EMILIANA STEEL keittolevyll\u00e4 - Kodukolle","description":"LaNordica esittelee upean Emilianan puul\u00e4mmitteisen takan, joka ei ainoastaan l\u00e4mmit\u00e4, vaan lis\u00e4\u00e4 my\u00f6s ripaus eleganssia tilaan.","robots":{"index":"index","follow":"follow","max-snippet":"max-snippet:-1","max-image-preview":"max-image-preview:large","max-video-preview":"max-video-preview:-1"},"canonical":"https:\/\/kodukolle.ee\/tuote\/kamin-lanordica-emiliana-steel-pliidiplaadiga\/","og_locale":"fi_FI","og_type":"article","og_title":"Kamiina LaNordica EMILIANA STEEL keittolevyll\u00e4 - Kodukolle","og_description":"LaNordica esittelee upean Emilianan puul\u00e4mmitteisen takan, joka ei ainoastaan l\u00e4mmit\u00e4, vaan lis\u00e4\u00e4 my\u00f6s ripaus eleganssia tilaan.","og_url":"https:\/\/kodukolle.ee\/tuote\/kamin-lanordica-emiliana-steel-pliidiplaadiga\/","og_site_name":"Kodukolle","article_modified_time":"2024-03-14T07:31:44+00:00","og_image":[{"width":900,"height":900,"url":"https:\/\/kodukolle.ee\/wp-content\/uploads\/2023\/07\/LaNordica-Emiliana-Steel_1.jpg","type":"image\/jpeg"}],"twitter_card":"summary_large_image","schema":{"@context":"https:\/\/schema.org","@graph":[{"@type":"WebPage","@id":"https:\/\/kodukolle.ee\/tuote\/kamin-lanordica-emiliana-steel-pliidiplaadiga\/","url":"https:\/\/kodukolle.ee\/tuote\/kamin-lanordica-emiliana-steel-pliidiplaadiga\/","name":"Kamiina LaNordica EMILIANA STEEL keittolevyll\u00e4 - Kodukolle","isPartOf":{"@id":"https:\/\/kodukolle.ee\/en\/#website"},"primaryImageOfPage":{"@id":"https:\/\/kodukolle.ee\/tuote\/kamin-lanordica-emiliana-steel-pliidiplaadiga\/#primaryimage"},"image":{"@id":"https:\/\/kodukolle.ee\/tuote\/kamin-lanordica-emiliana-steel-pliidiplaadiga\/#primaryimage"},"thumbnailUrl":"https:\/\/kodukolle.ee\/wp-content\/uploads\/2023\/07\/LaNordica-Emiliana-Steel_1.jpg","datePublished":"2023-07-20T06:03:25+00:00","dateModified":"2024-03-14T07:31:44+00:00","description":"LaNordica esittelee upean Emilianan puul\u00e4mmitteisen takan, joka ei ainoastaan l\u00e4mmit\u00e4, vaan lis\u00e4\u00e4 my\u00f6s ripaus eleganssia tilaan.","breadcrumb":{"@id":"https:\/\/kodukolle.ee\/tuote\/kamin-lanordica-emiliana-steel-pliidiplaadiga\/#breadcrumb"},"inLanguage":"fi","potentialAction":[{"@type":"ReadAction","target":["https:\/\/kodukolle.ee\/tuote\/kamin-lanordica-emiliana-steel-pliidiplaadiga\/"]}]},{"@type":"ImageObject","inLanguage":"fi","@id":"https:\/\/kodukolle.ee\/tuote\/kamin-lanordica-emiliana-steel-pliidiplaadiga\/#primaryimage","url":"https:\/\/kodukolle.ee\/wp-content\/uploads\/2023\/07\/LaNordica-Emiliana-Steel_1.jpg","contentUrl":"https:\/\/kodukolle.ee\/wp-content\/uploads\/2023\/07\/LaNordica-Emiliana-Steel_1.jpg","width":900,"height":900,"caption":"LaNordica-Emiliana-Steel"},{"@type":"BreadcrumbList","@id":"https:\/\/kodukolle.ee\/tuote\/kamin-lanordica-emiliana-steel-pliidiplaadiga\/#breadcrumb","itemListElement":[{"@type":"ListItem","position":1,"name":"Home","item":"https:\/\/kodukolle.ee\/fi\/"},{"@type":"ListItem","position":2,"name":"Tuotteet","item":"https:\/\/kodukolle.ee\/fi\/tuotteet\/"},{"@type":"ListItem","position":3,"name":"Kamiina LaNordica EMILIANA STEEL keittolevyll\u00e4"}]},{"@type":"WebSite","@id":"https:\/\/kodukolle.ee\/en\/#website","url":"https:\/\/kodukolle.ee\/en\/","name":"Kodukolle","description":"","publisher":{"@id":"https:\/\/kodukolle.ee\/en\/#organization"},"potentialAction":[{"@type":"SearchAction","target":{"@type":"EntryPoint","urlTemplate":"https:\/\/kodukolle.ee\/en\/?s={search_term_string}"},"query-input":{"@type":"PropertyValueSpecification","valueRequired":true,"valueName":"search_term_string"}}],"inLanguage":"fi"},{"@type":"Organization","@id":"https:\/\/kodukolle.ee\/en\/#organization","name":"Kodukolle","url":"https:\/\/kodukolle.ee\/en\/","logo":{"@type":"ImageObject","inLanguage":"fi","@id":"https:\/\/kodukolle.ee\/en\/#\/schema\/logo\/image\/","url":"https:\/\/kodukolle.ee\/wp-content\/uploads\/2025\/06\/logo_must_gradient.svg","contentUrl":"https:\/\/kodukolle.ee\/wp-content\/uploads\/2025\/06\/logo_must_gradient.svg","caption":"Kodukolle"},"image":{"@id":"https:\/\/kodukolle.ee\/en\/#\/schema\/logo\/image\/"}}]}},"_links":{"self":[{"href":"https:\/\/kodukolle.ee\/fi\/wp-json\/wp\/v2\/product\/28335","targetHints":{"allow":["GET"]}}],"collection":[{"href":"https:\/\/kodukolle.ee\/fi\/wp-json\/wp\/v2\/product"}],"about":[{"href":"https:\/\/kodukolle.ee\/fi\/wp-json\/wp\/v2\/types\/product"}],"wp:featuredmedia":[{"embeddable":true,"href":"https:\/\/kodukolle.ee\/fi\/wp-json\/wp\/v2\/media\/14908"}],"wp:attachment":[{"href":"https:\/\/kodukolle.ee\/fi\/wp-json\/wp\/v2\/media?parent=28335"}],"wp:term":[{"taxonomy":"product_brand","embeddable":true,"href":"https:\/\/kodukolle.ee\/fi\/wp-json\/wp\/v2\/product_brand?post=28335"},{"taxonomy":"product_cat","embeddable":true,"href":"https:\/\/kodukolle.ee\/fi\/wp-json\/wp\/v2\/product_cat?post=28335"},{"taxonomy":"product_tag","embeddable":true,"href":"https:\/\/kodukolle.ee\/fi\/wp-json\/wp\/v2\/product_tag?post=28335"}],"curies":[{"name":"wp","href":"https:\/\/api.w.org\/{rel}","templated":true}]}}