{"id":28345,"date":"2019-07-29T08:47:32","date_gmt":"2019-07-29T05:47:32","guid":{"rendered":"https:\/\/kodukolle.ee\/?post_type=product&#038;p=28345"},"modified":"2024-03-14T11:25:31","modified_gmt":"2024-03-14T09:25:31","slug":"kamiina-lanordica-ester-forno-evo-paistouunilla","status":"publish","type":"product","link":"https:\/\/kodukolle.ee\/fi\/tuote\/kamiina-lanordica-ester-forno-evo-paistouunilla\/","title":{"rendered":"Kamiina LaNordica ESTER FORNO EVO paistouunilla"},"content":{"rendered":"<p>Tyylik\u00e4s ja k\u00e4yt\u00e4nn\u00f6llinen takka LaNordica Ester Forno Evo on jokaisen kokin unelma. Valurautapolttokammion yl\u00e4puolella olevassa paistouunissa voidaan valmistaa kaikki tavalliset ruoat. Paistoluukun ikkunaan integroidun l\u00e4mp\u00f6mittarin ansiosta voit aina seurata kypsennysl\u00e4mp\u00f6tilaa. Keittokammio on valmistettu posliiniemaloidusta ter\u00e4ksest\u00e4 ja sen tilavuus on 22 litraa. Laavakivikuoren ansiosta varastoituu lis\u00e4l\u00e4mp\u00f6, \u200b\u200bjoka vapautuu huoneeseen my\u00f6s tulen sammuttua. Palamisprosessia voidaan ohjata eritt\u00e4in tarkasti erikseen s\u00e4\u00e4dett\u00e4v\u00e4ll\u00e4 prim\u00e4\u00e4ri- ja toisioilmasy\u00f6t\u00f6ll\u00e4. J\u00e4lkipoltinj\u00e4rjestelm\u00e4 takaa my\u00f6s alhaiset p\u00e4\u00e4st\u00f6t.<\/p>\n<p>&nbsp;<\/p>\n","protected":false},"excerpt":{"rendered":"<p>Tyylik\u00e4s ja k\u00e4yt\u00e4nn\u00f6llinen takka LaNordica Ester Forno Evo on jokaisen kokin unelma. Valurautapolttokammion yl\u00e4puolella olevassa paistouunissa voidaan valmistaa kaikki tavalliset ruoat. Paistoluukun ikkunaan integroidun l\u00e4mp\u00f6mittarin ansiosta voit aina seurata kypsennysl\u00e4mp\u00f6tilaa. Keittokammio on valmistettu posliiniemaloidusta ter\u00e4ksest\u00e4 ja sen tilavuus on 22 litraa.<\/p>\n","protected":false},"featured_media":14606,"template":"","meta":{"_acf_changed":false},"product_brand":[],"product_cat":[9620],"product_tag":[],"class_list":{"0":"post-28345","1":"product","2":"type-product","3":"status-publish","4":"has-post-thumbnail","6":"brands-nordica-fi","7":"product_cat-takat","9":"first","10":"instock","11":"shipping-taxable","12":"purchasable","13":"product-type-simple"},"acf":[],"yoast_head":"<!-- This site is optimized with the Yoast SEO plugin v27.2 - https:\/\/yoast.com\/product\/yoast-seo-wordpress\/ -->\n<title>Kamiina LaNordica ESTER FORNO EVO paistouunilla - Kodukolle<\/title>\n<meta name=\"description\" content=\"Tyylik\u00e4s ja k\u00e4yt\u00e4nn\u00f6llinen takka LaNordica Ester Forno Evo on jokaisen kokin unelma. Paistouunissa voidaan valmistaa kaikki tavalliset ruoat.\" \/>\n<meta name=\"robots\" content=\"index, follow, max-snippet:-1, max-image-preview:large, max-video-preview:-1\" \/>\n<link rel=\"canonical\" href=\"https:\/\/kodukolle.ee\/tuote\/kamin-lanordica-ester-forno-evo\/\" \/>\n<meta property=\"og:locale\" content=\"fi_FI\" \/>\n<meta property=\"og:type\" content=\"article\" \/>\n<meta property=\"og:title\" content=\"Kamiina LaNordica ESTER FORNO EVO paistouunilla - Kodukolle\" \/>\n<meta property=\"og:description\" content=\"Tyylik\u00e4s ja k\u00e4yt\u00e4nn\u00f6llinen takka LaNordica Ester Forno Evo on jokaisen kokin unelma. Paistouunissa voidaan valmistaa kaikki tavalliset ruoat.\" \/>\n<meta property=\"og:url\" content=\"https:\/\/kodukolle.ee\/tuote\/kamin-lanordica-ester-forno-evo\/\" \/>\n<meta property=\"og:site_name\" content=\"Kodukolle\" \/>\n<meta property=\"article:modified_time\" content=\"2024-03-14T09:25:31+00:00\" \/>\n<meta property=\"og:image\" content=\"https:\/\/kodukolle.ee\/wp-content\/uploads\/2019\/07\/ESTER-FORNO-EVO-vulcan.jpg\" \/>\n\t<meta property=\"og:image:width\" content=\"2340\" \/>\n\t<meta property=\"og:image:height\" content=\"1680\" \/>\n\t<meta property=\"og:image:type\" content=\"image\/jpeg\" \/>\n<meta name=\"twitter:card\" content=\"summary_large_image\" \/>\n<script type=\"application\/ld+json\" class=\"yoast-schema-graph\">{\"@context\":\"https:\/\/schema.org\",\"@graph\":[{\"@type\":\"WebPage\",\"@id\":\"https:\/\/kodukolle.ee\/tuote\/kamin-lanordica-ester-forno-evo\/\",\"url\":\"https:\/\/kodukolle.ee\/tuote\/kamin-lanordica-ester-forno-evo\/\",\"name\":\"Kamiina LaNordica ESTER FORNO EVO paistouunilla - Kodukolle\",\"isPartOf\":{\"@id\":\"https:\/\/kodukolle.ee\/en\/#website\"},\"primaryImageOfPage\":{\"@id\":\"https:\/\/kodukolle.ee\/tuote\/kamin-lanordica-ester-forno-evo\/#primaryimage\"},\"image\":{\"@id\":\"https:\/\/kodukolle.ee\/tuote\/kamin-lanordica-ester-forno-evo\/#primaryimage\"},\"thumbnailUrl\":\"https:\/\/kodukolle.ee\/wp-content\/uploads\/2019\/07\/ESTER-FORNO-EVO-vulcan.jpg\",\"datePublished\":\"2019-07-29T05:47:32+00:00\",\"dateModified\":\"2024-03-14T09:25:31+00:00\",\"description\":\"Tyylik\u00e4s ja k\u00e4yt\u00e4nn\u00f6llinen takka LaNordica Ester Forno Evo on jokaisen kokin unelma. Paistouunissa voidaan valmistaa kaikki tavalliset ruoat.\",\"breadcrumb\":{\"@id\":\"https:\/\/kodukolle.ee\/tuote\/kamin-lanordica-ester-forno-evo\/#breadcrumb\"},\"inLanguage\":\"fi\",\"potentialAction\":[{\"@type\":\"ReadAction\",\"target\":[\"https:\/\/kodukolle.ee\/tuote\/kamin-lanordica-ester-forno-evo\/\"]}]},{\"@type\":\"ImageObject\",\"inLanguage\":\"fi\",\"@id\":\"https:\/\/kodukolle.ee\/tuote\/kamin-lanordica-ester-forno-evo\/#primaryimage\",\"url\":\"https:\/\/kodukolle.ee\/wp-content\/uploads\/2019\/07\/ESTER-FORNO-EVO-vulcan.jpg\",\"contentUrl\":\"https:\/\/kodukolle.ee\/wp-content\/uploads\/2019\/07\/ESTER-FORNO-EVO-vulcan.jpg\",\"width\":2340,\"height\":1680,\"caption\":\"ESTER-FORNO-EVO-vulcan\"},{\"@type\":\"BreadcrumbList\",\"@id\":\"https:\/\/kodukolle.ee\/tuote\/kamin-lanordica-ester-forno-evo\/#breadcrumb\",\"itemListElement\":[{\"@type\":\"ListItem\",\"position\":1,\"name\":\"Home\",\"item\":\"https:\/\/kodukolle.ee\/fi\/\"},{\"@type\":\"ListItem\",\"position\":2,\"name\":\"Tuotteet\",\"item\":\"https:\/\/kodukolle.ee\/fi\/tuotteet\/\"},{\"@type\":\"ListItem\",\"position\":3,\"name\":\"Kamiina LaNordica ESTER FORNO EVO paistouunilla\"}]},{\"@type\":\"WebSite\",\"@id\":\"https:\/\/kodukolle.ee\/en\/#website\",\"url\":\"https:\/\/kodukolle.ee\/en\/\",\"name\":\"Kodukolle\",\"description\":\"\",\"publisher\":{\"@id\":\"https:\/\/kodukolle.ee\/en\/#organization\"},\"potentialAction\":[{\"@type\":\"SearchAction\",\"target\":{\"@type\":\"EntryPoint\",\"urlTemplate\":\"https:\/\/kodukolle.ee\/en\/?s={search_term_string}\"},\"query-input\":{\"@type\":\"PropertyValueSpecification\",\"valueRequired\":true,\"valueName\":\"search_term_string\"}}],\"inLanguage\":\"fi\"},{\"@type\":\"Organization\",\"@id\":\"https:\/\/kodukolle.ee\/en\/#organization\",\"name\":\"Kodukolle\",\"url\":\"https:\/\/kodukolle.ee\/en\/\",\"logo\":{\"@type\":\"ImageObject\",\"inLanguage\":\"fi\",\"@id\":\"https:\/\/kodukolle.ee\/en\/#\/schema\/logo\/image\/\",\"url\":\"https:\/\/kodukolle.ee\/wp-content\/uploads\/2025\/06\/logo_must_gradient.svg\",\"contentUrl\":\"https:\/\/kodukolle.ee\/wp-content\/uploads\/2025\/06\/logo_must_gradient.svg\",\"caption\":\"Kodukolle\"},\"image\":{\"@id\":\"https:\/\/kodukolle.ee\/en\/#\/schema\/logo\/image\/\"}}]}<\/script>\n<!-- \/ Yoast SEO plugin. -->","yoast_head_json":{"title":"Kamiina LaNordica ESTER FORNO EVO paistouunilla - Kodukolle","description":"Tyylik\u00e4s ja k\u00e4yt\u00e4nn\u00f6llinen takka LaNordica Ester Forno Evo on jokaisen kokin unelma. Paistouunissa voidaan valmistaa kaikki tavalliset ruoat.","robots":{"index":"index","follow":"follow","max-snippet":"max-snippet:-1","max-image-preview":"max-image-preview:large","max-video-preview":"max-video-preview:-1"},"canonical":"https:\/\/kodukolle.ee\/tuote\/kamin-lanordica-ester-forno-evo\/","og_locale":"fi_FI","og_type":"article","og_title":"Kamiina LaNordica ESTER FORNO EVO paistouunilla - Kodukolle","og_description":"Tyylik\u00e4s ja k\u00e4yt\u00e4nn\u00f6llinen takka LaNordica Ester Forno Evo on jokaisen kokin unelma. Paistouunissa voidaan valmistaa kaikki tavalliset ruoat.","og_url":"https:\/\/kodukolle.ee\/tuote\/kamin-lanordica-ester-forno-evo\/","og_site_name":"Kodukolle","article_modified_time":"2024-03-14T09:25:31+00:00","og_image":[{"width":2340,"height":1680,"url":"https:\/\/kodukolle.ee\/wp-content\/uploads\/2019\/07\/ESTER-FORNO-EVO-vulcan.jpg","type":"image\/jpeg"}],"twitter_card":"summary_large_image","schema":{"@context":"https:\/\/schema.org","@graph":[{"@type":"WebPage","@id":"https:\/\/kodukolle.ee\/tuote\/kamin-lanordica-ester-forno-evo\/","url":"https:\/\/kodukolle.ee\/tuote\/kamin-lanordica-ester-forno-evo\/","name":"Kamiina LaNordica ESTER FORNO EVO paistouunilla - Kodukolle","isPartOf":{"@id":"https:\/\/kodukolle.ee\/en\/#website"},"primaryImageOfPage":{"@id":"https:\/\/kodukolle.ee\/tuote\/kamin-lanordica-ester-forno-evo\/#primaryimage"},"image":{"@id":"https:\/\/kodukolle.ee\/tuote\/kamin-lanordica-ester-forno-evo\/#primaryimage"},"thumbnailUrl":"https:\/\/kodukolle.ee\/wp-content\/uploads\/2019\/07\/ESTER-FORNO-EVO-vulcan.jpg","datePublished":"2019-07-29T05:47:32+00:00","dateModified":"2024-03-14T09:25:31+00:00","description":"Tyylik\u00e4s ja k\u00e4yt\u00e4nn\u00f6llinen takka LaNordica Ester Forno Evo on jokaisen kokin unelma. Paistouunissa voidaan valmistaa kaikki tavalliset ruoat.","breadcrumb":{"@id":"https:\/\/kodukolle.ee\/tuote\/kamin-lanordica-ester-forno-evo\/#breadcrumb"},"inLanguage":"fi","potentialAction":[{"@type":"ReadAction","target":["https:\/\/kodukolle.ee\/tuote\/kamin-lanordica-ester-forno-evo\/"]}]},{"@type":"ImageObject","inLanguage":"fi","@id":"https:\/\/kodukolle.ee\/tuote\/kamin-lanordica-ester-forno-evo\/#primaryimage","url":"https:\/\/kodukolle.ee\/wp-content\/uploads\/2019\/07\/ESTER-FORNO-EVO-vulcan.jpg","contentUrl":"https:\/\/kodukolle.ee\/wp-content\/uploads\/2019\/07\/ESTER-FORNO-EVO-vulcan.jpg","width":2340,"height":1680,"caption":"ESTER-FORNO-EVO-vulcan"},{"@type":"BreadcrumbList","@id":"https:\/\/kodukolle.ee\/tuote\/kamin-lanordica-ester-forno-evo\/#breadcrumb","itemListElement":[{"@type":"ListItem","position":1,"name":"Home","item":"https:\/\/kodukolle.ee\/fi\/"},{"@type":"ListItem","position":2,"name":"Tuotteet","item":"https:\/\/kodukolle.ee\/fi\/tuotteet\/"},{"@type":"ListItem","position":3,"name":"Kamiina LaNordica ESTER FORNO EVO paistouunilla"}]},{"@type":"WebSite","@id":"https:\/\/kodukolle.ee\/en\/#website","url":"https:\/\/kodukolle.ee\/en\/","name":"Kodukolle","description":"","publisher":{"@id":"https:\/\/kodukolle.ee\/en\/#organization"},"potentialAction":[{"@type":"SearchAction","target":{"@type":"EntryPoint","urlTemplate":"https:\/\/kodukolle.ee\/en\/?s={search_term_string}"},"query-input":{"@type":"PropertyValueSpecification","valueRequired":true,"valueName":"search_term_string"}}],"inLanguage":"fi"},{"@type":"Organization","@id":"https:\/\/kodukolle.ee\/en\/#organization","name":"Kodukolle","url":"https:\/\/kodukolle.ee\/en\/","logo":{"@type":"ImageObject","inLanguage":"fi","@id":"https:\/\/kodukolle.ee\/en\/#\/schema\/logo\/image\/","url":"https:\/\/kodukolle.ee\/wp-content\/uploads\/2025\/06\/logo_must_gradient.svg","contentUrl":"https:\/\/kodukolle.ee\/wp-content\/uploads\/2025\/06\/logo_must_gradient.svg","caption":"Kodukolle"},"image":{"@id":"https:\/\/kodukolle.ee\/en\/#\/schema\/logo\/image\/"}}]}},"_links":{"self":[{"href":"https:\/\/kodukolle.ee\/fi\/wp-json\/wp\/v2\/product\/28345","targetHints":{"allow":["GET"]}}],"collection":[{"href":"https:\/\/kodukolle.ee\/fi\/wp-json\/wp\/v2\/product"}],"about":[{"href":"https:\/\/kodukolle.ee\/fi\/wp-json\/wp\/v2\/types\/product"}],"wp:featuredmedia":[{"embeddable":true,"href":"https:\/\/kodukolle.ee\/fi\/wp-json\/wp\/v2\/media\/14606"}],"wp:attachment":[{"href":"https:\/\/kodukolle.ee\/fi\/wp-json\/wp\/v2\/media?parent=28345"}],"wp:term":[{"taxonomy":"product_brand","embeddable":true,"href":"https:\/\/kodukolle.ee\/fi\/wp-json\/wp\/v2\/product_brand?post=28345"},{"taxonomy":"product_cat","embeddable":true,"href":"https:\/\/kodukolle.ee\/fi\/wp-json\/wp\/v2\/product_cat?post=28345"},{"taxonomy":"product_tag","embeddable":true,"href":"https:\/\/kodukolle.ee\/fi\/wp-json\/wp\/v2\/product_tag?post=28345"}],"curies":[{"name":"wp","href":"https:\/\/api.w.org\/{rel}","templated":true}]}}