{"id":28359,"date":"2023-07-20T09:48:38","date_gmt":"2023-07-20T06:48:38","guid":{"rendered":"https:\/\/kodukolle.ee\/?post_type=product&#038;p=28359"},"modified":"2024-03-14T12:04:59","modified_gmt":"2024-03-14T10:04:59","slug":"kamiina-lanordica-fedora-steel-keittolevylla","status":"publish","type":"product","link":"https:\/\/kodukolle.ee\/fi\/tuote\/kamiina-lanordica-fedora-steel-keittolevylla\/","title":{"rendered":"Kamiina LaNordica FEDORA STEEL keittolevyll\u00e4"},"content":{"rendered":"<p>LaNordica Fedora takka &#8211; perinteinen italialainen muotoilu modernilla tekniikalla. Esil\u00e4mmitetyn ilmavirran ansiosta, joka est\u00e4\u00e4 lian ker\u00e4\u00e4ntymisen takan lasille, saat parhaan mahdollisen n\u00e4kyvyyden liekkeihin pitk\u00e4ksi aikaa. Polttokammion ovi ja sis\u00e4puoli on valmistettu korkealaatuisesta valuraudasta, joka ei muuta ulkon\u00e4k\u00f6\u00e4\u00e4n korkeammissakaan l\u00e4mp\u00f6tiloissa, ulkovuori on emaloitua ter\u00e4st\u00e4. Ensi\u00f6- ja toisioilman sy\u00f6tt\u00f6\u00e4 voidaan s\u00e4\u00e4t\u00e4\u00e4 manuaalisesti erikseen palamisprosessin s\u00e4\u00e4telemiseksi. Takka on varustettu ulos vedett\u00e4v\u00e4ll\u00e4 tuhka-astialla, jonka avulla palamisj\u00e4\u00e4m\u00e4t voidaan helposti poistaa. Ymp\u00e4rist\u00f6yst\u00e4v\u00e4llisen j\u00e4lkipolttoj\u00e4rjestelm\u00e4n ansiosta p\u00e4\u00e4st\u00f6t ovat alhaiset.<br \/>\n&nbsp; <\/p>\n","protected":false},"excerpt":{"rendered":"<p>LaNordica Fedora takka &#8211; perinteinen italialainen muotoilu modernilla tekniikalla. Esil\u00e4mmitetyn ilmavirran ansiosta, joka est\u00e4\u00e4 lian ker\u00e4\u00e4ntymisen takan lasille, saat parhaan mahdollisen n\u00e4kyvyyden liekkeihin pitk\u00e4ksi aikaa. Polttokammion ovi ja sis\u00e4puoli on valmistettu korkealaatuisesta valuraudasta, joka ei muuta ulkon\u00e4k\u00f6\u00e4\u00e4n korkeammissakaan l\u00e4mp\u00f6tiloissa, ulkovuori on emaloitua ter\u00e4st\u00e4. Ensi\u00f6- ja toisioilman sy\u00f6tt\u00f6\u00e4 voidaan s\u00e4\u00e4t\u00e4\u00e4 manuaalisesti erikseen palamisprosessin s\u00e4\u00e4telemiseksi. <\/p>\n","protected":false},"featured_media":14939,"template":"","meta":{"_acf_changed":false},"product_brand":[],"product_cat":[9620],"product_tag":[],"class_list":{"0":"post-28359","1":"product","2":"type-product","3":"status-publish","4":"has-post-thumbnail","6":"brands-nordica-fi","7":"product_cat-takat","9":"first","10":"instock","11":"shipping-taxable","12":"purchasable","13":"product-type-simple"},"acf":[],"yoast_head":"<!-- This site is optimized with the Yoast SEO plugin v27.2 - https:\/\/yoast.com\/product\/yoast-seo-wordpress\/ -->\n<title>Kamiina LaNordica FEDORA STEEL keittolevyll\u00e4 - Kodukolle<\/title>\n<meta name=\"description\" content=\"LaNordica Fedora takka - perinteinen italialainen muotoilu modernilla tekniikalla. Esil\u00e4mmitetyn ilmavirran ansiosta, joka est\u00e4\u00e4 lian ker\u00e4\u00e4ntymisen takan lasille, saat parhaan mahdollisen n\u00e4kyvyyden liekkeihin pitk\u00e4ksi aikaa.\" \/>\n<meta name=\"robots\" content=\"index, follow, max-snippet:-1, max-image-preview:large, max-video-preview:-1\" \/>\n<link rel=\"canonical\" href=\"https:\/\/kodukolle.ee\/tuote\/kamin-lanordica-fedora-steel-pliidiplaadiga\/\" \/>\n<meta property=\"og:locale\" content=\"fi_FI\" \/>\n<meta property=\"og:type\" content=\"article\" \/>\n<meta property=\"og:title\" content=\"Kamiina LaNordica FEDORA STEEL keittolevyll\u00e4 - Kodukolle\" \/>\n<meta property=\"og:description\" content=\"LaNordica Fedora takka - perinteinen italialainen muotoilu modernilla tekniikalla. Esil\u00e4mmitetyn ilmavirran ansiosta, joka est\u00e4\u00e4 lian ker\u00e4\u00e4ntymisen takan lasille, saat parhaan mahdollisen n\u00e4kyvyyden liekkeihin pitk\u00e4ksi aikaa.\" \/>\n<meta property=\"og:url\" content=\"https:\/\/kodukolle.ee\/tuote\/kamin-lanordica-fedora-steel-pliidiplaadiga\/\" \/>\n<meta property=\"og:site_name\" content=\"Kodukolle\" \/>\n<meta property=\"article:modified_time\" content=\"2024-03-14T10:04:59+00:00\" \/>\n<meta property=\"og:image\" content=\"https:\/\/kodukolle.ee\/wp-content\/uploads\/2023\/07\/Lanordica-Fedora-steel_1.jpg\" \/>\n\t<meta property=\"og:image:width\" content=\"900\" \/>\n\t<meta property=\"og:image:height\" content=\"900\" \/>\n\t<meta property=\"og:image:type\" content=\"image\/jpeg\" \/>\n<meta name=\"twitter:card\" content=\"summary_large_image\" \/>\n<script type=\"application\/ld+json\" class=\"yoast-schema-graph\">{\"@context\":\"https:\/\/schema.org\",\"@graph\":[{\"@type\":\"WebPage\",\"@id\":\"https:\/\/kodukolle.ee\/tuote\/kamin-lanordica-fedora-steel-pliidiplaadiga\/\",\"url\":\"https:\/\/kodukolle.ee\/tuote\/kamin-lanordica-fedora-steel-pliidiplaadiga\/\",\"name\":\"Kamiina LaNordica FEDORA STEEL keittolevyll\u00e4 - Kodukolle\",\"isPartOf\":{\"@id\":\"https:\/\/kodukolle.ee\/en\/#website\"},\"primaryImageOfPage\":{\"@id\":\"https:\/\/kodukolle.ee\/tuote\/kamin-lanordica-fedora-steel-pliidiplaadiga\/#primaryimage\"},\"image\":{\"@id\":\"https:\/\/kodukolle.ee\/tuote\/kamin-lanordica-fedora-steel-pliidiplaadiga\/#primaryimage\"},\"thumbnailUrl\":\"https:\/\/kodukolle.ee\/wp-content\/uploads\/2023\/07\/Lanordica-Fedora-steel_1.jpg\",\"datePublished\":\"2023-07-20T06:48:38+00:00\",\"dateModified\":\"2024-03-14T10:04:59+00:00\",\"description\":\"LaNordica Fedora takka - perinteinen italialainen muotoilu modernilla tekniikalla. Esil\u00e4mmitetyn ilmavirran ansiosta, joka est\u00e4\u00e4 lian ker\u00e4\u00e4ntymisen takan lasille, saat parhaan mahdollisen n\u00e4kyvyyden liekkeihin pitk\u00e4ksi aikaa.\",\"breadcrumb\":{\"@id\":\"https:\/\/kodukolle.ee\/tuote\/kamin-lanordica-fedora-steel-pliidiplaadiga\/#breadcrumb\"},\"inLanguage\":\"fi\",\"potentialAction\":[{\"@type\":\"ReadAction\",\"target\":[\"https:\/\/kodukolle.ee\/tuote\/kamin-lanordica-fedora-steel-pliidiplaadiga\/\"]}]},{\"@type\":\"ImageObject\",\"inLanguage\":\"fi\",\"@id\":\"https:\/\/kodukolle.ee\/tuote\/kamin-lanordica-fedora-steel-pliidiplaadiga\/#primaryimage\",\"url\":\"https:\/\/kodukolle.ee\/wp-content\/uploads\/2023\/07\/Lanordica-Fedora-steel_1.jpg\",\"contentUrl\":\"https:\/\/kodukolle.ee\/wp-content\/uploads\/2023\/07\/Lanordica-Fedora-steel_1.jpg\",\"width\":900,\"height\":900,\"caption\":\"Lanordica Fedora steel\"},{\"@type\":\"BreadcrumbList\",\"@id\":\"https:\/\/kodukolle.ee\/tuote\/kamin-lanordica-fedora-steel-pliidiplaadiga\/#breadcrumb\",\"itemListElement\":[{\"@type\":\"ListItem\",\"position\":1,\"name\":\"Home\",\"item\":\"https:\/\/kodukolle.ee\/fi\/\"},{\"@type\":\"ListItem\",\"position\":2,\"name\":\"Tuotteet\",\"item\":\"https:\/\/kodukolle.ee\/fi\/tuotteet\/\"},{\"@type\":\"ListItem\",\"position\":3,\"name\":\"Kamiina LaNordica FEDORA STEEL keittolevyll\u00e4\"}]},{\"@type\":\"WebSite\",\"@id\":\"https:\/\/kodukolle.ee\/en\/#website\",\"url\":\"https:\/\/kodukolle.ee\/en\/\",\"name\":\"Kodukolle\",\"description\":\"\",\"publisher\":{\"@id\":\"https:\/\/kodukolle.ee\/en\/#organization\"},\"potentialAction\":[{\"@type\":\"SearchAction\",\"target\":{\"@type\":\"EntryPoint\",\"urlTemplate\":\"https:\/\/kodukolle.ee\/en\/?s={search_term_string}\"},\"query-input\":{\"@type\":\"PropertyValueSpecification\",\"valueRequired\":true,\"valueName\":\"search_term_string\"}}],\"inLanguage\":\"fi\"},{\"@type\":\"Organization\",\"@id\":\"https:\/\/kodukolle.ee\/en\/#organization\",\"name\":\"Kodukolle\",\"url\":\"https:\/\/kodukolle.ee\/en\/\",\"logo\":{\"@type\":\"ImageObject\",\"inLanguage\":\"fi\",\"@id\":\"https:\/\/kodukolle.ee\/en\/#\/schema\/logo\/image\/\",\"url\":\"https:\/\/kodukolle.ee\/wp-content\/uploads\/2025\/06\/logo_must_gradient.svg\",\"contentUrl\":\"https:\/\/kodukolle.ee\/wp-content\/uploads\/2025\/06\/logo_must_gradient.svg\",\"caption\":\"Kodukolle\"},\"image\":{\"@id\":\"https:\/\/kodukolle.ee\/en\/#\/schema\/logo\/image\/\"}}]}<\/script>\n<!-- \/ Yoast SEO plugin. -->","yoast_head_json":{"title":"Kamiina LaNordica FEDORA STEEL keittolevyll\u00e4 - Kodukolle","description":"LaNordica Fedora takka - perinteinen italialainen muotoilu modernilla tekniikalla. Esil\u00e4mmitetyn ilmavirran ansiosta, joka est\u00e4\u00e4 lian ker\u00e4\u00e4ntymisen takan lasille, saat parhaan mahdollisen n\u00e4kyvyyden liekkeihin pitk\u00e4ksi aikaa.","robots":{"index":"index","follow":"follow","max-snippet":"max-snippet:-1","max-image-preview":"max-image-preview:large","max-video-preview":"max-video-preview:-1"},"canonical":"https:\/\/kodukolle.ee\/tuote\/kamin-lanordica-fedora-steel-pliidiplaadiga\/","og_locale":"fi_FI","og_type":"article","og_title":"Kamiina LaNordica FEDORA STEEL keittolevyll\u00e4 - Kodukolle","og_description":"LaNordica Fedora takka - perinteinen italialainen muotoilu modernilla tekniikalla. Esil\u00e4mmitetyn ilmavirran ansiosta, joka est\u00e4\u00e4 lian ker\u00e4\u00e4ntymisen takan lasille, saat parhaan mahdollisen n\u00e4kyvyyden liekkeihin pitk\u00e4ksi aikaa.","og_url":"https:\/\/kodukolle.ee\/tuote\/kamin-lanordica-fedora-steel-pliidiplaadiga\/","og_site_name":"Kodukolle","article_modified_time":"2024-03-14T10:04:59+00:00","og_image":[{"width":900,"height":900,"url":"https:\/\/kodukolle.ee\/wp-content\/uploads\/2023\/07\/Lanordica-Fedora-steel_1.jpg","type":"image\/jpeg"}],"twitter_card":"summary_large_image","schema":{"@context":"https:\/\/schema.org","@graph":[{"@type":"WebPage","@id":"https:\/\/kodukolle.ee\/tuote\/kamin-lanordica-fedora-steel-pliidiplaadiga\/","url":"https:\/\/kodukolle.ee\/tuote\/kamin-lanordica-fedora-steel-pliidiplaadiga\/","name":"Kamiina LaNordica FEDORA STEEL keittolevyll\u00e4 - Kodukolle","isPartOf":{"@id":"https:\/\/kodukolle.ee\/en\/#website"},"primaryImageOfPage":{"@id":"https:\/\/kodukolle.ee\/tuote\/kamin-lanordica-fedora-steel-pliidiplaadiga\/#primaryimage"},"image":{"@id":"https:\/\/kodukolle.ee\/tuote\/kamin-lanordica-fedora-steel-pliidiplaadiga\/#primaryimage"},"thumbnailUrl":"https:\/\/kodukolle.ee\/wp-content\/uploads\/2023\/07\/Lanordica-Fedora-steel_1.jpg","datePublished":"2023-07-20T06:48:38+00:00","dateModified":"2024-03-14T10:04:59+00:00","description":"LaNordica Fedora takka - perinteinen italialainen muotoilu modernilla tekniikalla. Esil\u00e4mmitetyn ilmavirran ansiosta, joka est\u00e4\u00e4 lian ker\u00e4\u00e4ntymisen takan lasille, saat parhaan mahdollisen n\u00e4kyvyyden liekkeihin pitk\u00e4ksi aikaa.","breadcrumb":{"@id":"https:\/\/kodukolle.ee\/tuote\/kamin-lanordica-fedora-steel-pliidiplaadiga\/#breadcrumb"},"inLanguage":"fi","potentialAction":[{"@type":"ReadAction","target":["https:\/\/kodukolle.ee\/tuote\/kamin-lanordica-fedora-steel-pliidiplaadiga\/"]}]},{"@type":"ImageObject","inLanguage":"fi","@id":"https:\/\/kodukolle.ee\/tuote\/kamin-lanordica-fedora-steel-pliidiplaadiga\/#primaryimage","url":"https:\/\/kodukolle.ee\/wp-content\/uploads\/2023\/07\/Lanordica-Fedora-steel_1.jpg","contentUrl":"https:\/\/kodukolle.ee\/wp-content\/uploads\/2023\/07\/Lanordica-Fedora-steel_1.jpg","width":900,"height":900,"caption":"Lanordica Fedora steel"},{"@type":"BreadcrumbList","@id":"https:\/\/kodukolle.ee\/tuote\/kamin-lanordica-fedora-steel-pliidiplaadiga\/#breadcrumb","itemListElement":[{"@type":"ListItem","position":1,"name":"Home","item":"https:\/\/kodukolle.ee\/fi\/"},{"@type":"ListItem","position":2,"name":"Tuotteet","item":"https:\/\/kodukolle.ee\/fi\/tuotteet\/"},{"@type":"ListItem","position":3,"name":"Kamiina LaNordica FEDORA STEEL keittolevyll\u00e4"}]},{"@type":"WebSite","@id":"https:\/\/kodukolle.ee\/en\/#website","url":"https:\/\/kodukolle.ee\/en\/","name":"Kodukolle","description":"","publisher":{"@id":"https:\/\/kodukolle.ee\/en\/#organization"},"potentialAction":[{"@type":"SearchAction","target":{"@type":"EntryPoint","urlTemplate":"https:\/\/kodukolle.ee\/en\/?s={search_term_string}"},"query-input":{"@type":"PropertyValueSpecification","valueRequired":true,"valueName":"search_term_string"}}],"inLanguage":"fi"},{"@type":"Organization","@id":"https:\/\/kodukolle.ee\/en\/#organization","name":"Kodukolle","url":"https:\/\/kodukolle.ee\/en\/","logo":{"@type":"ImageObject","inLanguage":"fi","@id":"https:\/\/kodukolle.ee\/en\/#\/schema\/logo\/image\/","url":"https:\/\/kodukolle.ee\/wp-content\/uploads\/2025\/06\/logo_must_gradient.svg","contentUrl":"https:\/\/kodukolle.ee\/wp-content\/uploads\/2025\/06\/logo_must_gradient.svg","caption":"Kodukolle"},"image":{"@id":"https:\/\/kodukolle.ee\/en\/#\/schema\/logo\/image\/"}}]}},"_links":{"self":[{"href":"https:\/\/kodukolle.ee\/fi\/wp-json\/wp\/v2\/product\/28359","targetHints":{"allow":["GET"]}}],"collection":[{"href":"https:\/\/kodukolle.ee\/fi\/wp-json\/wp\/v2\/product"}],"about":[{"href":"https:\/\/kodukolle.ee\/fi\/wp-json\/wp\/v2\/types\/product"}],"wp:featuredmedia":[{"embeddable":true,"href":"https:\/\/kodukolle.ee\/fi\/wp-json\/wp\/v2\/media\/14939"}],"wp:attachment":[{"href":"https:\/\/kodukolle.ee\/fi\/wp-json\/wp\/v2\/media?parent=28359"}],"wp:term":[{"taxonomy":"product_brand","embeddable":true,"href":"https:\/\/kodukolle.ee\/fi\/wp-json\/wp\/v2\/product_brand?post=28359"},{"taxonomy":"product_cat","embeddable":true,"href":"https:\/\/kodukolle.ee\/fi\/wp-json\/wp\/v2\/product_cat?post=28359"},{"taxonomy":"product_tag","embeddable":true,"href":"https:\/\/kodukolle.ee\/fi\/wp-json\/wp\/v2\/product_tag?post=28359"}],"curies":[{"name":"wp","href":"https:\/\/api.w.org\/{rel}","templated":true}]}}