{"id":28506,"date":"2019-09-23T11:25:05","date_gmt":"2019-09-23T08:25:05","guid":{"rendered":"https:\/\/kodukolle.ee\/?post_type=product&#038;p=28506"},"modified":"2024-03-18T16:04:58","modified_gmt":"2024-03-18T14:04:58","slug":"kamiina-lanordica-gemma-forno-paistouunilla","status":"publish","type":"product","link":"https:\/\/kodukolle.ee\/fi\/tuote\/kamiina-lanordica-gemma-forno-paistouunilla\/","title":{"rendered":"Kamiina LaNordica GEMMA FORNO paistouunilla"},"content":{"rendered":"<p>Tyylik\u00e4s LaNordica Gemma Forno on puuhella ja takkayhdistelm\u00e4, jossa on paistouuni ja keittolevy. T\u00e4m\u00e4 takka l\u00e4mmitt\u00e4\u00e4 vaivattomasti jopa 206 m\u00b3:n huoneet ja tarjoaa paitsi l\u00e4mp\u00f6\u00e4 my\u00f6s kodikkaan tunnelman kotiisi ajattoman ja kauniin muotoilunsa ansiosta. Palokammio on valmistettu valuraudasta, mik\u00e4 varmistaa tulisijan kest\u00e4vyyden ja v\u00e4h\u00e4isen huollon. Polttokammion yl\u00e4puolella sijaitsevassa paistouunissa voit valmistaa erilaisia ruokia ja integroidun l\u00e4mp\u00f6mittarin avulla voit seurata l\u00e4mp\u00f6tilaa tarkasti. Posliiniemaloidusta ter\u00e4ksest\u00e4 valmistetun paistouunin tilavuus on 19 litraa. Lis\u00e4ksi valurautaista p\u00e4\u00e4llyslevy\u00e4 irrotettavalla renkaalla voidaan k\u00e4ytt\u00e4\u00e4 ruoan l\u00e4mpim\u00e4n\u00e4 pit\u00e4miseen tai ruoanlaittoon. Palamisprosessia voidaan ohjata optimaalisesti prim\u00e4\u00e4ri- ja toisioilmasy\u00f6t\u00f6n avulla, mik\u00e4 mahdollistaa hitaan ja kontrolloidun palamisen, mik\u00e4 my\u00f6s edist\u00e4\u00e4 ymp\u00e4rist\u00f6nsuojelua.<\/p>\n<p>&nbsp;<\/p>\n","protected":false},"excerpt":{"rendered":"<p>Tyylik\u00e4s LaNordica Gemma Forno on puuhella ja takkayhdistelm\u00e4, jossa on paistouuni ja keittolevy. T\u00e4m\u00e4 takka l\u00e4mmitt\u00e4\u00e4 vaivattomasti jopa 206 m\u00b3:n huoneet ja tarjoaa paitsi l\u00e4mp\u00f6\u00e4 my\u00f6s kodikkaan tunnelman kotiisi ajattoman ja kauniin muotoilunsa ansiosta. Palokammio on valmistettu valuraudasta, mik\u00e4 varmistaa tulisijan kest\u00e4vyyden ja v\u00e4h\u00e4isen huollon.<\/p>\n","protected":false},"featured_media":28508,"template":"","meta":{"_acf_changed":false},"product_brand":[],"product_cat":[9620],"product_tag":[],"class_list":{"0":"post-28506","1":"product","2":"type-product","3":"status-publish","4":"has-post-thumbnail","6":"brands-nordica-fi","7":"product_cat-takat","9":"first","10":"instock","11":"shipping-taxable","12":"purchasable","13":"product-type-simple"},"acf":[],"yoast_head":"<!-- This site is optimized with the Yoast SEO plugin v27.4 - https:\/\/yoast.com\/product\/yoast-seo-wordpress\/ -->\n<title>Kamiina LaNordica GEMMA FORNO paistouunilla - Kodukolle<\/title>\n<meta name=\"description\" content=\"Tyylik\u00e4s LaNordica Gemma Forno on puuhella ja takkayhdistelm\u00e4, jossa on paistouuni ja keittolevy. Palokammio on valmistettu valuraudasta, mik\u00e4 varmistaa tulisijan kest\u00e4vyyden ja v\u00e4h\u00e4isen huollon.\" \/>\n<meta name=\"robots\" content=\"index, follow, max-snippet:-1, max-image-preview:large, max-video-preview:-1\" \/>\n<link rel=\"canonical\" href=\"https:\/\/kodukolle.ee\/tuote\/kamin-lanordica-gemma-forno\/\" \/>\n<meta property=\"og:locale\" content=\"fi_FI\" \/>\n<meta property=\"og:type\" content=\"article\" \/>\n<meta property=\"og:title\" content=\"Kamiina LaNordica GEMMA FORNO paistouunilla - Kodukolle\" \/>\n<meta property=\"og:description\" content=\"Tyylik\u00e4s LaNordica Gemma Forno on puuhella ja takkayhdistelm\u00e4, jossa on paistouuni ja keittolevy. Palokammio on valmistettu valuraudasta, mik\u00e4 varmistaa tulisijan kest\u00e4vyyden ja v\u00e4h\u00e4isen huollon.\" \/>\n<meta property=\"og:url\" content=\"https:\/\/kodukolle.ee\/tuote\/kamin-lanordica-gemma-forno\/\" \/>\n<meta property=\"og:site_name\" content=\"Kodukolle\" \/>\n<meta property=\"article:modified_time\" content=\"2024-03-18T14:04:58+00:00\" \/>\n<meta property=\"og:image\" content=\"https:\/\/kodukolle.ee\/wp-content\/uploads\/2019\/09\/gemmaForno_amb.jpg\" \/>\n\t<meta property=\"og:image:width\" content=\"4729\" \/>\n\t<meta property=\"og:image:height\" content=\"3622\" \/>\n\t<meta property=\"og:image:type\" content=\"image\/jpeg\" \/>\n<meta name=\"twitter:card\" content=\"summary_large_image\" \/>\n<script type=\"application\/ld+json\" class=\"yoast-schema-graph\">{\"@context\":\"https:\\\/\\\/schema.org\",\"@graph\":[{\"@type\":\"WebPage\",\"@id\":\"https:\\\/\\\/kodukolle.ee\\\/tuote\\\/kamin-lanordica-gemma-forno\\\/\",\"url\":\"https:\\\/\\\/kodukolle.ee\\\/tuote\\\/kamin-lanordica-gemma-forno\\\/\",\"name\":\"Kamiina LaNordica GEMMA FORNO paistouunilla - Kodukolle\",\"isPartOf\":{\"@id\":\"https:\\\/\\\/kodukolle.ee\\\/en\\\/#website\"},\"primaryImageOfPage\":{\"@id\":\"https:\\\/\\\/kodukolle.ee\\\/tuote\\\/kamin-lanordica-gemma-forno\\\/#primaryimage\"},\"image\":{\"@id\":\"https:\\\/\\\/kodukolle.ee\\\/tuote\\\/kamin-lanordica-gemma-forno\\\/#primaryimage\"},\"thumbnailUrl\":\"https:\\\/\\\/kodukolle.ee\\\/wp-content\\\/uploads\\\/2019\\\/09\\\/gemmaForno_amb.jpg\",\"datePublished\":\"2019-09-23T08:25:05+00:00\",\"dateModified\":\"2024-03-18T14:04:58+00:00\",\"description\":\"Tyylik\u00e4s LaNordica Gemma Forno on puuhella ja takkayhdistelm\u00e4, jossa on paistouuni ja keittolevy. Palokammio on valmistettu valuraudasta, mik\u00e4 varmistaa tulisijan kest\u00e4vyyden ja v\u00e4h\u00e4isen huollon.\",\"breadcrumb\":{\"@id\":\"https:\\\/\\\/kodukolle.ee\\\/tuote\\\/kamin-lanordica-gemma-forno\\\/#breadcrumb\"},\"inLanguage\":\"fi\",\"potentialAction\":[{\"@type\":\"ReadAction\",\"target\":[\"https:\\\/\\\/kodukolle.ee\\\/tuote\\\/kamin-lanordica-gemma-forno\\\/\"]}]},{\"@type\":\"ImageObject\",\"inLanguage\":\"fi\",\"@id\":\"https:\\\/\\\/kodukolle.ee\\\/tuote\\\/kamin-lanordica-gemma-forno\\\/#primaryimage\",\"url\":\"https:\\\/\\\/kodukolle.ee\\\/wp-content\\\/uploads\\\/2019\\\/09\\\/gemmaForno_amb.jpg\",\"contentUrl\":\"https:\\\/\\\/kodukolle.ee\\\/wp-content\\\/uploads\\\/2019\\\/09\\\/gemmaForno_amb.jpg\",\"width\":4729,\"height\":3622},{\"@type\":\"BreadcrumbList\",\"@id\":\"https:\\\/\\\/kodukolle.ee\\\/tuote\\\/kamin-lanordica-gemma-forno\\\/#breadcrumb\",\"itemListElement\":[{\"@type\":\"ListItem\",\"position\":1,\"name\":\"Home\",\"item\":\"https:\\\/\\\/kodukolle.ee\\\/fi\\\/\"},{\"@type\":\"ListItem\",\"position\":2,\"name\":\"Tuotteet\",\"item\":\"https:\\\/\\\/kodukolle.ee\\\/fi\\\/tuotteet\\\/\"},{\"@type\":\"ListItem\",\"position\":3,\"name\":\"Kamiina LaNordica GEMMA FORNO paistouunilla\"}]},{\"@type\":\"WebSite\",\"@id\":\"https:\\\/\\\/kodukolle.ee\\\/en\\\/#website\",\"url\":\"https:\\\/\\\/kodukolle.ee\\\/en\\\/\",\"name\":\"Kodukolle\",\"description\":\"\",\"publisher\":{\"@id\":\"https:\\\/\\\/kodukolle.ee\\\/en\\\/#organization\"},\"potentialAction\":[{\"@type\":\"SearchAction\",\"target\":{\"@type\":\"EntryPoint\",\"urlTemplate\":\"https:\\\/\\\/kodukolle.ee\\\/en\\\/?s={search_term_string}\"},\"query-input\":{\"@type\":\"PropertyValueSpecification\",\"valueRequired\":true,\"valueName\":\"search_term_string\"}}],\"inLanguage\":\"fi\"},{\"@type\":\"Organization\",\"@id\":\"https:\\\/\\\/kodukolle.ee\\\/en\\\/#organization\",\"name\":\"Kodukolle\",\"url\":\"https:\\\/\\\/kodukolle.ee\\\/en\\\/\",\"logo\":{\"@type\":\"ImageObject\",\"inLanguage\":\"fi\",\"@id\":\"https:\\\/\\\/kodukolle.ee\\\/en\\\/#\\\/schema\\\/logo\\\/image\\\/\",\"url\":\"https:\\\/\\\/kodukolle.ee\\\/wp-content\\\/uploads\\\/2025\\\/06\\\/logo_must_gradient.svg\",\"contentUrl\":\"https:\\\/\\\/kodukolle.ee\\\/wp-content\\\/uploads\\\/2025\\\/06\\\/logo_must_gradient.svg\",\"caption\":\"Kodukolle\"},\"image\":{\"@id\":\"https:\\\/\\\/kodukolle.ee\\\/en\\\/#\\\/schema\\\/logo\\\/image\\\/\"}}]}<\/script>\n<!-- \/ Yoast SEO plugin. -->","yoast_head_json":{"title":"Kamiina LaNordica GEMMA FORNO paistouunilla - Kodukolle","description":"Tyylik\u00e4s LaNordica Gemma Forno on puuhella ja takkayhdistelm\u00e4, jossa on paistouuni ja keittolevy. Palokammio on valmistettu valuraudasta, mik\u00e4 varmistaa tulisijan kest\u00e4vyyden ja v\u00e4h\u00e4isen huollon.","robots":{"index":"index","follow":"follow","max-snippet":"max-snippet:-1","max-image-preview":"max-image-preview:large","max-video-preview":"max-video-preview:-1"},"canonical":"https:\/\/kodukolle.ee\/tuote\/kamin-lanordica-gemma-forno\/","og_locale":"fi_FI","og_type":"article","og_title":"Kamiina LaNordica GEMMA FORNO paistouunilla - Kodukolle","og_description":"Tyylik\u00e4s LaNordica Gemma Forno on puuhella ja takkayhdistelm\u00e4, jossa on paistouuni ja keittolevy. Palokammio on valmistettu valuraudasta, mik\u00e4 varmistaa tulisijan kest\u00e4vyyden ja v\u00e4h\u00e4isen huollon.","og_url":"https:\/\/kodukolle.ee\/tuote\/kamin-lanordica-gemma-forno\/","og_site_name":"Kodukolle","article_modified_time":"2024-03-18T14:04:58+00:00","og_image":[{"width":4729,"height":3622,"url":"https:\/\/kodukolle.ee\/wp-content\/uploads\/2019\/09\/gemmaForno_amb.jpg","type":"image\/jpeg"}],"twitter_card":"summary_large_image","schema":{"@context":"https:\/\/schema.org","@graph":[{"@type":"WebPage","@id":"https:\/\/kodukolle.ee\/tuote\/kamin-lanordica-gemma-forno\/","url":"https:\/\/kodukolle.ee\/tuote\/kamin-lanordica-gemma-forno\/","name":"Kamiina LaNordica GEMMA FORNO paistouunilla - Kodukolle","isPartOf":{"@id":"https:\/\/kodukolle.ee\/en\/#website"},"primaryImageOfPage":{"@id":"https:\/\/kodukolle.ee\/tuote\/kamin-lanordica-gemma-forno\/#primaryimage"},"image":{"@id":"https:\/\/kodukolle.ee\/tuote\/kamin-lanordica-gemma-forno\/#primaryimage"},"thumbnailUrl":"https:\/\/kodukolle.ee\/wp-content\/uploads\/2019\/09\/gemmaForno_amb.jpg","datePublished":"2019-09-23T08:25:05+00:00","dateModified":"2024-03-18T14:04:58+00:00","description":"Tyylik\u00e4s LaNordica Gemma Forno on puuhella ja takkayhdistelm\u00e4, jossa on paistouuni ja keittolevy. Palokammio on valmistettu valuraudasta, mik\u00e4 varmistaa tulisijan kest\u00e4vyyden ja v\u00e4h\u00e4isen huollon.","breadcrumb":{"@id":"https:\/\/kodukolle.ee\/tuote\/kamin-lanordica-gemma-forno\/#breadcrumb"},"inLanguage":"fi","potentialAction":[{"@type":"ReadAction","target":["https:\/\/kodukolle.ee\/tuote\/kamin-lanordica-gemma-forno\/"]}]},{"@type":"ImageObject","inLanguage":"fi","@id":"https:\/\/kodukolle.ee\/tuote\/kamin-lanordica-gemma-forno\/#primaryimage","url":"https:\/\/kodukolle.ee\/wp-content\/uploads\/2019\/09\/gemmaForno_amb.jpg","contentUrl":"https:\/\/kodukolle.ee\/wp-content\/uploads\/2019\/09\/gemmaForno_amb.jpg","width":4729,"height":3622},{"@type":"BreadcrumbList","@id":"https:\/\/kodukolle.ee\/tuote\/kamin-lanordica-gemma-forno\/#breadcrumb","itemListElement":[{"@type":"ListItem","position":1,"name":"Home","item":"https:\/\/kodukolle.ee\/fi\/"},{"@type":"ListItem","position":2,"name":"Tuotteet","item":"https:\/\/kodukolle.ee\/fi\/tuotteet\/"},{"@type":"ListItem","position":3,"name":"Kamiina LaNordica GEMMA FORNO paistouunilla"}]},{"@type":"WebSite","@id":"https:\/\/kodukolle.ee\/en\/#website","url":"https:\/\/kodukolle.ee\/en\/","name":"Kodukolle","description":"","publisher":{"@id":"https:\/\/kodukolle.ee\/en\/#organization"},"potentialAction":[{"@type":"SearchAction","target":{"@type":"EntryPoint","urlTemplate":"https:\/\/kodukolle.ee\/en\/?s={search_term_string}"},"query-input":{"@type":"PropertyValueSpecification","valueRequired":true,"valueName":"search_term_string"}}],"inLanguage":"fi"},{"@type":"Organization","@id":"https:\/\/kodukolle.ee\/en\/#organization","name":"Kodukolle","url":"https:\/\/kodukolle.ee\/en\/","logo":{"@type":"ImageObject","inLanguage":"fi","@id":"https:\/\/kodukolle.ee\/en\/#\/schema\/logo\/image\/","url":"https:\/\/kodukolle.ee\/wp-content\/uploads\/2025\/06\/logo_must_gradient.svg","contentUrl":"https:\/\/kodukolle.ee\/wp-content\/uploads\/2025\/06\/logo_must_gradient.svg","caption":"Kodukolle"},"image":{"@id":"https:\/\/kodukolle.ee\/en\/#\/schema\/logo\/image\/"}}]}},"_links":{"self":[{"href":"https:\/\/kodukolle.ee\/fi\/wp-json\/wp\/v2\/product\/28506","targetHints":{"allow":["GET"]}}],"collection":[{"href":"https:\/\/kodukolle.ee\/fi\/wp-json\/wp\/v2\/product"}],"about":[{"href":"https:\/\/kodukolle.ee\/fi\/wp-json\/wp\/v2\/types\/product"}],"wp:featuredmedia":[{"embeddable":true,"href":"https:\/\/kodukolle.ee\/fi\/wp-json\/wp\/v2\/media\/28508"}],"wp:attachment":[{"href":"https:\/\/kodukolle.ee\/fi\/wp-json\/wp\/v2\/media?parent=28506"}],"wp:term":[{"taxonomy":"product_brand","embeddable":true,"href":"https:\/\/kodukolle.ee\/fi\/wp-json\/wp\/v2\/product_brand?post=28506"},{"taxonomy":"product_cat","embeddable":true,"href":"https:\/\/kodukolle.ee\/fi\/wp-json\/wp\/v2\/product_cat?post=28506"},{"taxonomy":"product_tag","embeddable":true,"href":"https:\/\/kodukolle.ee\/fi\/wp-json\/wp\/v2\/product_tag?post=28506"}],"curies":[{"name":"wp","href":"https:\/\/api.w.org\/{rel}","templated":true}]}}