{"id":30600,"date":"2026-03-09T13:51:38","date_gmt":"2026-03-09T11:51:38","guid":{"rendered":"https:\/\/kodukolle.ee\/?post_type=product&#038;p=30600"},"modified":"2026-04-18T14:18:59","modified_gmt":"2026-04-18T11:18:59","slug":"htt-puupellettipoltin","status":"publish","type":"product","link":"https:\/\/kodukolle.ee\/fi\/tuote\/htt-puupellettipoltin\/","title":{"rendered":"HTT puupellettipoltin"},"content":{"rendered":"<p data-start=\"1619\" data-end=\"1859\"><strong data-start=\"1619\" data-end=\"1644\">HTT puupellettipoltin<\/strong> mahdollistaa takan, uunin tai lieden l\u00e4mmitt\u00e4misen helposti puupelleteill\u00e4. Kyseess\u00e4 on yksinkertainen ja k\u00e4yt\u00e4nn\u00f6llinen ratkaisu, joka tarjoaa tasaisen palamisen ja v\u00e4hent\u00e4\u00e4 tarvetta lis\u00e4t\u00e4 polttopuita jatkuvasti.<\/p>\n<p data-start=\"1861\" data-end=\"2166\">Poltin asetetaan suoraan tulipes\u00e4\u00e4n ja t\u00e4ytet\u00e4\u00e4n puupelleteill\u00e4. Rakenteensa ansiosta pelletit palavat tasaisesti ja hallitusti, tuottaen vakaata l\u00e4mp\u00f6\u00e4. T\u00e4m\u00e4 tekee HTT-pellettipolttimesta k\u00e4tev\u00e4n vaihtoehdon perinteiselle polttopuulle, erityisesti silloin kun halutaan puhtaampi ja helpompi l\u00e4mmitystapa.<\/p>\n<p data-start=\"2168\" data-end=\"2415\">HTT puupellettipoltin soveltuu k\u00e4ytett\u00e4v\u00e4ksi erilaisissa tulisijoissa \u2013 takoissa, uuneissa ja liesiss\u00e4. Se on hyv\u00e4 ratkaisu sek\u00e4 p\u00e4ivitt\u00e4iseen k\u00e4ytt\u00f6\u00f6n ett\u00e4 m\u00f6keille ja maaseutukoteihin, joissa arvostetaan helppok\u00e4ytt\u00f6isyytt\u00e4 ja toimintavarmuutta.<\/p>\n<p data-start=\"2417\" data-end=\"2577\">Poltin on valmistettu kest\u00e4v\u00e4st\u00e4 ter\u00e4ksest\u00e4 ja suunniteltu pitk\u00e4aikaiseen k\u00e4ytt\u00f6\u00f6n. Kompaktin kokonsa ansiosta se sopii useimpiin standardikokoisiin tulipesiin.<\/p>\n<p data-start=\"2417\" data-end=\"2577\"><strong>T\u00e4rkeimm\u00e4t edut:<\/strong><\/p>\n<ul>\n<li data-start=\"2602\" data-end=\"2678\">Mahdollistaa l\u00e4mmitt\u00e4misen puupelleteill\u00e4 tavallisessa takassa tai uunissa<\/li>\n<li data-start=\"2602\" data-end=\"2678\">Tasainen ja hallittu palaminen<\/li>\n<li data-start=\"2602\" data-end=\"2678\">Helppo k\u00e4ytt\u00e4\u00e4<\/li>\n<li data-start=\"2602\" data-end=\"2678\">V\u00e4hemm\u00e4n tuhkaa ja likaa verrattuna polttopuihin<\/li>\n<li data-start=\"2602\" data-end=\"2678\">Ei vaadi s\u00e4hk\u00f6\u00e4<\/li>\n<li data-start=\"2602\" data-end=\"2678\">Kest\u00e4v\u00e4 ter\u00e4srakenne<\/li>\n<\/ul>\n","protected":false},"excerpt":{"rendered":"<p>HTT puupellettipoltin mahdollistaa takan, uunin tai lieden l\u00e4mmitt\u00e4misen helposti puupelleteill\u00e4. Kyseess\u00e4 on yksinkertainen ja k\u00e4yt\u00e4nn\u00f6llinen ratkaisu, joka tarjoaa tasaisen palamisen ja v\u00e4hent\u00e4\u00e4 tarvetta lis\u00e4t\u00e4 polttopuita jatkuvasti. Poltin asetetaan suoraan tulipes\u00e4\u00e4n ja t\u00e4ytet\u00e4\u00e4n puupelleteill\u00e4. Rakenteensa ansiosta pelletit palavat tasaisesti ja hallitusti, tuottaen vakaata l\u00e4mp\u00f6\u00e4. T\u00e4m\u00e4 tekee HTT-pellettipolttimesta k\u00e4tev\u00e4n vaihtoehdon perinteiselle polttopuulle, erityisesti silloin kun halutaan puhtaampi [&hellip;]<\/p>\n","protected":false},"featured_media":30598,"template":"","meta":{"_acf_changed":false},"product_brand":[],"product_cat":[9693],"product_tag":[10281],"class_list":{"0":"post-30600","1":"product","2":"type-product","3":"status-publish","4":"has-post-thumbnail","6":"brands-pisla-fi","7":"product_cat-tarvikkeet-ja-muut-tuotteet","8":"product_tag-pelletiboxi","10":"first","11":"instock","12":"shipping-taxable","13":"purchasable","14":"product-type-simple"},"acf":[],"yoast_head":"<!-- This site is optimized with the Yoast SEO plugin v27.4 - https:\/\/yoast.com\/product\/yoast-seo-wordpress\/ -->\n<title>HTT puupellettipoltin takkaan ja uuniin | Kodukolle<\/title>\n<meta name=\"description\" content=\"HTT puupellettipoltin takkaan ja uuniin. Helppok\u00e4ytt\u00f6inen ratkaisu tasaisella palamisella.\" \/>\n<meta name=\"robots\" content=\"index, follow, max-snippet:-1, max-image-preview:large, max-video-preview:-1\" \/>\n<link rel=\"canonical\" href=\"https:\/\/kodukolle.ee\/fi\/tuote\/htt-puupellettipoltin\/\" \/>\n<meta property=\"og:locale\" content=\"fi_FI\" \/>\n<meta property=\"og:type\" content=\"article\" \/>\n<meta property=\"og:title\" content=\"HTT puupellettipoltin takkaan ja uuniin | Kodukolle\" \/>\n<meta property=\"og:description\" content=\"HTT puupellettipoltin takkaan ja uuniin. Helppok\u00e4ytt\u00f6inen ratkaisu tasaisella palamisella.\" \/>\n<meta property=\"og:url\" content=\"https:\/\/kodukolle.ee\/fi\/tuote\/htt-puupellettipoltin\/\" \/>\n<meta property=\"og:site_name\" content=\"Kodukolle\" \/>\n<meta property=\"article:modified_time\" content=\"2026-04-18T11:18:59+00:00\" \/>\n<meta property=\"og:image\" content=\"https:\/\/kodukolle.ee\/wp-content\/uploads\/2026\/03\/Pellet-box.png\" \/>\n\t<meta property=\"og:image:width\" content=\"1536\" \/>\n\t<meta property=\"og:image:height\" content=\"1024\" \/>\n\t<meta property=\"og:image:type\" content=\"image\/png\" \/>\n<meta name=\"twitter:card\" content=\"summary_large_image\" \/>\n<meta name=\"twitter:label1\" content=\"Est. reading time\" \/>\n\t<meta name=\"twitter:data1\" content=\"1 minuutti\" \/>\n<script type=\"application\/ld+json\" class=\"yoast-schema-graph\">{\"@context\":\"https:\\\/\\\/schema.org\",\"@graph\":[{\"@type\":\"WebPage\",\"@id\":\"https:\\\/\\\/kodukolle.ee\\\/fi\\\/tuote\\\/htt-puupellettipoltin\\\/\",\"url\":\"https:\\\/\\\/kodukolle.ee\\\/fi\\\/tuote\\\/htt-puupellettipoltin\\\/\",\"name\":\"HTT puupellettipoltin takkaan ja uuniin | Kodukolle\",\"isPartOf\":{\"@id\":\"https:\\\/\\\/kodukolle.ee\\\/en\\\/#website\"},\"primaryImageOfPage\":{\"@id\":\"https:\\\/\\\/kodukolle.ee\\\/fi\\\/tuote\\\/htt-puupellettipoltin\\\/#primaryimage\"},\"image\":{\"@id\":\"https:\\\/\\\/kodukolle.ee\\\/fi\\\/tuote\\\/htt-puupellettipoltin\\\/#primaryimage\"},\"thumbnailUrl\":\"https:\\\/\\\/kodukolle.ee\\\/wp-content\\\/uploads\\\/2026\\\/03\\\/Pellet-box.png\",\"datePublished\":\"2026-03-09T11:51:38+00:00\",\"dateModified\":\"2026-04-18T11:18:59+00:00\",\"description\":\"HTT puupellettipoltin takkaan ja uuniin. Helppok\u00e4ytt\u00f6inen ratkaisu tasaisella palamisella.\",\"breadcrumb\":{\"@id\":\"https:\\\/\\\/kodukolle.ee\\\/fi\\\/tuote\\\/htt-puupellettipoltin\\\/#breadcrumb\"},\"inLanguage\":\"fi\",\"potentialAction\":[{\"@type\":\"ReadAction\",\"target\":[\"https:\\\/\\\/kodukolle.ee\\\/fi\\\/tuote\\\/htt-puupellettipoltin\\\/\"]}]},{\"@type\":\"ImageObject\",\"inLanguage\":\"fi\",\"@id\":\"https:\\\/\\\/kodukolle.ee\\\/fi\\\/tuote\\\/htt-puupellettipoltin\\\/#primaryimage\",\"url\":\"https:\\\/\\\/kodukolle.ee\\\/wp-content\\\/uploads\\\/2026\\\/03\\\/Pellet-box.png\",\"contentUrl\":\"https:\\\/\\\/kodukolle.ee\\\/wp-content\\\/uploads\\\/2026\\\/03\\\/Pellet-box.png\",\"width\":1536,\"height\":1024,\"caption\":\"Puidugraanlip\u00f5leti\"},{\"@type\":\"BreadcrumbList\",\"@id\":\"https:\\\/\\\/kodukolle.ee\\\/fi\\\/tuote\\\/htt-puupellettipoltin\\\/#breadcrumb\",\"itemListElement\":[{\"@type\":\"ListItem\",\"position\":1,\"name\":\"Home\",\"item\":\"https:\\\/\\\/kodukolle.ee\\\/fi\\\/\"},{\"@type\":\"ListItem\",\"position\":2,\"name\":\"Tuotteet\",\"item\":\"https:\\\/\\\/kodukolle.ee\\\/fi\\\/tuotteet\\\/\"},{\"@type\":\"ListItem\",\"position\":3,\"name\":\"HTT puupellettipoltin\"}]},{\"@type\":\"WebSite\",\"@id\":\"https:\\\/\\\/kodukolle.ee\\\/en\\\/#website\",\"url\":\"https:\\\/\\\/kodukolle.ee\\\/en\\\/\",\"name\":\"Kodukolle\",\"description\":\"\",\"publisher\":{\"@id\":\"https:\\\/\\\/kodukolle.ee\\\/en\\\/#organization\"},\"potentialAction\":[{\"@type\":\"SearchAction\",\"target\":{\"@type\":\"EntryPoint\",\"urlTemplate\":\"https:\\\/\\\/kodukolle.ee\\\/en\\\/?s={search_term_string}\"},\"query-input\":{\"@type\":\"PropertyValueSpecification\",\"valueRequired\":true,\"valueName\":\"search_term_string\"}}],\"inLanguage\":\"fi\"},{\"@type\":\"Organization\",\"@id\":\"https:\\\/\\\/kodukolle.ee\\\/en\\\/#organization\",\"name\":\"Kodukolle\",\"url\":\"https:\\\/\\\/kodukolle.ee\\\/en\\\/\",\"logo\":{\"@type\":\"ImageObject\",\"inLanguage\":\"fi\",\"@id\":\"https:\\\/\\\/kodukolle.ee\\\/en\\\/#\\\/schema\\\/logo\\\/image\\\/\",\"url\":\"https:\\\/\\\/kodukolle.ee\\\/wp-content\\\/uploads\\\/2025\\\/06\\\/logo_must_gradient.svg\",\"contentUrl\":\"https:\\\/\\\/kodukolle.ee\\\/wp-content\\\/uploads\\\/2025\\\/06\\\/logo_must_gradient.svg\",\"caption\":\"Kodukolle\"},\"image\":{\"@id\":\"https:\\\/\\\/kodukolle.ee\\\/en\\\/#\\\/schema\\\/logo\\\/image\\\/\"}}]}<\/script>\n<!-- \/ Yoast SEO plugin. -->","yoast_head_json":{"title":"HTT puupellettipoltin takkaan ja uuniin | Kodukolle","description":"HTT puupellettipoltin takkaan ja uuniin. Helppok\u00e4ytt\u00f6inen ratkaisu tasaisella palamisella.","robots":{"index":"index","follow":"follow","max-snippet":"max-snippet:-1","max-image-preview":"max-image-preview:large","max-video-preview":"max-video-preview:-1"},"canonical":"https:\/\/kodukolle.ee\/fi\/tuote\/htt-puupellettipoltin\/","og_locale":"fi_FI","og_type":"article","og_title":"HTT puupellettipoltin takkaan ja uuniin | Kodukolle","og_description":"HTT puupellettipoltin takkaan ja uuniin. Helppok\u00e4ytt\u00f6inen ratkaisu tasaisella palamisella.","og_url":"https:\/\/kodukolle.ee\/fi\/tuote\/htt-puupellettipoltin\/","og_site_name":"Kodukolle","article_modified_time":"2026-04-18T11:18:59+00:00","og_image":[{"width":1536,"height":1024,"url":"https:\/\/kodukolle.ee\/wp-content\/uploads\/2026\/03\/Pellet-box.png","type":"image\/png"}],"twitter_card":"summary_large_image","twitter_misc":{"Est. reading time":"1 minuutti"},"schema":{"@context":"https:\/\/schema.org","@graph":[{"@type":"WebPage","@id":"https:\/\/kodukolle.ee\/fi\/tuote\/htt-puupellettipoltin\/","url":"https:\/\/kodukolle.ee\/fi\/tuote\/htt-puupellettipoltin\/","name":"HTT puupellettipoltin takkaan ja uuniin | Kodukolle","isPartOf":{"@id":"https:\/\/kodukolle.ee\/en\/#website"},"primaryImageOfPage":{"@id":"https:\/\/kodukolle.ee\/fi\/tuote\/htt-puupellettipoltin\/#primaryimage"},"image":{"@id":"https:\/\/kodukolle.ee\/fi\/tuote\/htt-puupellettipoltin\/#primaryimage"},"thumbnailUrl":"https:\/\/kodukolle.ee\/wp-content\/uploads\/2026\/03\/Pellet-box.png","datePublished":"2026-03-09T11:51:38+00:00","dateModified":"2026-04-18T11:18:59+00:00","description":"HTT puupellettipoltin takkaan ja uuniin. Helppok\u00e4ytt\u00f6inen ratkaisu tasaisella palamisella.","breadcrumb":{"@id":"https:\/\/kodukolle.ee\/fi\/tuote\/htt-puupellettipoltin\/#breadcrumb"},"inLanguage":"fi","potentialAction":[{"@type":"ReadAction","target":["https:\/\/kodukolle.ee\/fi\/tuote\/htt-puupellettipoltin\/"]}]},{"@type":"ImageObject","inLanguage":"fi","@id":"https:\/\/kodukolle.ee\/fi\/tuote\/htt-puupellettipoltin\/#primaryimage","url":"https:\/\/kodukolle.ee\/wp-content\/uploads\/2026\/03\/Pellet-box.png","contentUrl":"https:\/\/kodukolle.ee\/wp-content\/uploads\/2026\/03\/Pellet-box.png","width":1536,"height":1024,"caption":"Puidugraanlip\u00f5leti"},{"@type":"BreadcrumbList","@id":"https:\/\/kodukolle.ee\/fi\/tuote\/htt-puupellettipoltin\/#breadcrumb","itemListElement":[{"@type":"ListItem","position":1,"name":"Home","item":"https:\/\/kodukolle.ee\/fi\/"},{"@type":"ListItem","position":2,"name":"Tuotteet","item":"https:\/\/kodukolle.ee\/fi\/tuotteet\/"},{"@type":"ListItem","position":3,"name":"HTT puupellettipoltin"}]},{"@type":"WebSite","@id":"https:\/\/kodukolle.ee\/en\/#website","url":"https:\/\/kodukolle.ee\/en\/","name":"Kodukolle","description":"","publisher":{"@id":"https:\/\/kodukolle.ee\/en\/#organization"},"potentialAction":[{"@type":"SearchAction","target":{"@type":"EntryPoint","urlTemplate":"https:\/\/kodukolle.ee\/en\/?s={search_term_string}"},"query-input":{"@type":"PropertyValueSpecification","valueRequired":true,"valueName":"search_term_string"}}],"inLanguage":"fi"},{"@type":"Organization","@id":"https:\/\/kodukolle.ee\/en\/#organization","name":"Kodukolle","url":"https:\/\/kodukolle.ee\/en\/","logo":{"@type":"ImageObject","inLanguage":"fi","@id":"https:\/\/kodukolle.ee\/en\/#\/schema\/logo\/image\/","url":"https:\/\/kodukolle.ee\/wp-content\/uploads\/2025\/06\/logo_must_gradient.svg","contentUrl":"https:\/\/kodukolle.ee\/wp-content\/uploads\/2025\/06\/logo_must_gradient.svg","caption":"Kodukolle"},"image":{"@id":"https:\/\/kodukolle.ee\/en\/#\/schema\/logo\/image\/"}}]}},"_links":{"self":[{"href":"https:\/\/kodukolle.ee\/fi\/wp-json\/wp\/v2\/product\/30600","targetHints":{"allow":["GET"]}}],"collection":[{"href":"https:\/\/kodukolle.ee\/fi\/wp-json\/wp\/v2\/product"}],"about":[{"href":"https:\/\/kodukolle.ee\/fi\/wp-json\/wp\/v2\/types\/product"}],"wp:featuredmedia":[{"embeddable":true,"href":"https:\/\/kodukolle.ee\/fi\/wp-json\/wp\/v2\/media\/30598"}],"wp:attachment":[{"href":"https:\/\/kodukolle.ee\/fi\/wp-json\/wp\/v2\/media?parent=30600"}],"wp:term":[{"taxonomy":"product_brand","embeddable":true,"href":"https:\/\/kodukolle.ee\/fi\/wp-json\/wp\/v2\/product_brand?post=30600"},{"taxonomy":"product_cat","embeddable":true,"href":"https:\/\/kodukolle.ee\/fi\/wp-json\/wp\/v2\/product_cat?post=30600"},{"taxonomy":"product_tag","embeddable":true,"href":"https:\/\/kodukolle.ee\/fi\/wp-json\/wp\/v2\/product_tag?post=30600"}],"curies":[{"name":"wp","href":"https:\/\/api.w.org\/{rel}","templated":true}]}}